{"id":5211,"date":"2021-05-19T14:26:20","date_gmt":"2021-05-19T14:26:20","guid":{"rendered":"https:\/\/hoiamed.fi\/?post_type=product&#038;p=5211"},"modified":"2025-09-09T12:42:14","modified_gmt":"2025-09-09T09:42:14","slug":"dermoacm-24-repairing-anti-scratching-cream-for-face-and-body","status":"publish","type":"product","link":"https:\/\/hoiamed.fi\/en\/product\/dermoacm-24-repairing-anti-scratching-cream-for-face-and-body\/","title":{"rendered":"DermoACM 24 Repairing Anti-Scratching Cream for face and body"},"content":{"rendered":"<p>Does not contain Silicones, Parabens, Fragrances neither Mineral oils. 96% natural origin ingredients.<\/p>\n<p>&nbsp;<\/p>\n","protected":false},"excerpt":{"rendered":"<p data-start=\"0\" data-end=\"205\"><span style=\"font-size: 14px;\">The <strong data-start=\"4\" data-end=\"37\">DermoACM\u00ae dermatological line<\/strong> is designed to care for <strong data-start=\"62\" data-end=\"98\">delicate, dry, and reactive skin<\/strong>, preserving its natural lipid layer while delivering exceptional <strong data-start=\"164\" data-end=\"202\">hydration, protection, and comfort<\/strong>.<\/span><\/p>\n<p data-start=\"207\" data-end=\"586\"><span style=\"font-size: 14px;\">The <strong data-start=\"211\" data-end=\"246\">Repairing Anti-Scratching Cream<\/strong> provides <strong data-start=\"256\" data-end=\"279\">intense nourishment<\/strong>, soothing the discomfort of dry and sensitive skin. <strong data-start=\"332\" data-end=\"358\">Ceramide and Panthenol<\/strong> work to <strong data-start=\"367\" data-end=\"410\">restore and strengthen the skin barrier<\/strong>, ensuring long-lasting hydration. The exclusive <strong data-start=\"459\" data-end=\"511\">Avenanthramide, Calendula, and Vitamin E complex<\/strong> effectively calms <strong data-start=\"530\" data-end=\"556\">itching and irritation<\/strong>, bringing immediate relief.<\/span><\/p>\n<p data-start=\"588\" data-end=\"697\" data-is-last-node=\"\"><span style=\"font-size: 14px;\">With its <strong data-start=\"597\" data-end=\"640\">rich yet non-greasy, non-sticky texture<\/strong>, this cream is perfect for both <strong data-start=\"673\" data-end=\"696\">adults and children<\/strong>. Developed with dermatologists.<\/span><\/p>\n<p><span style=\"color: #9bc3b8;\"><strong><span style=\"font-size: 14px;\">Clinically proven Efficacy*:<\/span><\/strong><\/span><\/p>\n<ul>\n<li><span style=\"font-size: 14px;\">Reduces \u00a0itching sensation since first application<\/span><\/li>\n<li><span style=\"font-size: 14px;\">Repairs skin barrier<\/span><\/li>\n<li><span style=\"font-size: 14px;\">+53,4 % significant improvement of skin moisturization<\/span><\/li>\n<\/ul>\n<p><span style=\"font-size: 14px;\">Size: 100 ml.\u00a0<\/span><span style=\"font-size: 14px;\">Developed and manufactured in Italy.<\/span><\/p>\n","protected":false},"featured_media":11475,"comment_status":"open","ping_status":"closed","template":"","meta":[],"product_brand":[],"product_cat":[258],"product_tag":[],"class_list":{"0":"post-5211","1":"product","2":"type-product","3":"status-publish","4":"has-post-thumbnail","6":"product_cat-dry-and-delicate-skin","8":"first","9":"instock","10":"taxable","11":"shipping-taxable","12":"purchasable","13":"product-type-simple"},"yoast_head":"<!-- This site is optimized with the Yoast SEO plugin v26.7 - https:\/\/yoast.com\/wordpress\/plugins\/seo\/ -->\n<title>DermoACM 24 Repairing Anti-Scratching Cream for face and body - Hoiamed Suomi<\/title>\n<meta name=\"robots\" content=\"index, follow, max-snippet:-1, max-image-preview:large, max-video-preview:-1\" \/>\n<link rel=\"canonical\" href=\"https:\/\/hoiamed.fi\/en\/product\/dermoacm-24-repairing-anti-scratching-cream-for-face-and-body\/\" \/>\n<meta property=\"og:locale\" content=\"en_US\" \/>\n<meta property=\"og:type\" content=\"article\" \/>\n<meta property=\"og:title\" content=\"DermoACM 24 Repairing Anti-Scratching Cream for face and body - Hoiamed Suomi\" \/>\n<meta property=\"og:description\" content=\"The DermoACM\u00ae dermatological line is designed to care for delicate, dry, and reactive skin, preserving its natural lipid layer while delivering exceptional hydration, protection, and comfort. The Repairing Anti-Scratching Cream provides intense nourishment, soothing the discomfort of dry and sensitive skin. Ceramide and Panthenol work to restore and strengthen the skin barrier, ensuring long-lasting hydration. The exclusive Avenanthramide, Calendula, and Vitamin E complex effectively calms itching and irritation, bringing immediate relief. With its rich yet non-greasy, non-sticky texture, this cream is perfect for both adults and children. Developed with dermatologists. Clinically proven Efficacy*:   Reduces \u00a0itching sensation since first application  Repairs skin barrier  +53,4 % significant improvement of skin moisturization  Size: 100 ml.\u00a0Developed and manufactured in Italy.\" \/>\n<meta property=\"og:url\" content=\"https:\/\/hoiamed.fi\/en\/product\/dermoacm-24-repairing-anti-scratching-cream-for-face-and-body\/\" \/>\n<meta property=\"og:site_name\" content=\"Hoiamed Suomi\" \/>\n<meta property=\"article:publisher\" content=\"https:\/\/www.facebook.com\/Hoiamed\" \/>\n<meta property=\"article:modified_time\" content=\"2025-09-09T09:42:14+00:00\" \/>\n<meta property=\"og:image\" content=\"https:\/\/hoiamed.fi\/wp-content\/uploads\/2021\/05\/DermoACm-24-cream.png\" \/>\n\t<meta property=\"og:image:width\" content=\"1088\" \/>\n\t<meta property=\"og:image:height\" content=\"1202\" \/>\n\t<meta property=\"og:image:type\" content=\"image\/png\" \/>\n<meta name=\"twitter:card\" content=\"summary_large_image\" \/>\n<script type=\"application\/ld+json\" class=\"yoast-schema-graph\">{\"@context\":\"https:\/\/schema.org\",\"@graph\":[{\"@type\":\"WebPage\",\"@id\":\"https:\/\/hoiamed.fi\/en\/product\/dermoacm-24-repairing-anti-scratching-cream-for-face-and-body\/\",\"url\":\"https:\/\/hoiamed.fi\/en\/product\/dermoacm-24-repairing-anti-scratching-cream-for-face-and-body\/\",\"name\":\"DermoACM 24 Repairing Anti-Scratching Cream for face and body - Hoiamed Suomi\",\"isPartOf\":{\"@id\":\"https:\/\/hoiamed.fi\/#website\"},\"primaryImageOfPage\":{\"@id\":\"https:\/\/hoiamed.fi\/en\/product\/dermoacm-24-repairing-anti-scratching-cream-for-face-and-body\/#primaryimage\"},\"image\":{\"@id\":\"https:\/\/hoiamed.fi\/en\/product\/dermoacm-24-repairing-anti-scratching-cream-for-face-and-body\/#primaryimage\"},\"thumbnailUrl\":\"https:\/\/hoiamed.fi\/wp-content\/uploads\/2021\/05\/DermoACM24-anti-scratching-cream-for-face-and-body.png\",\"datePublished\":\"2021-05-19T14:26:20+00:00\",\"dateModified\":\"2025-09-09T09:42:14+00:00\",\"breadcrumb\":{\"@id\":\"https:\/\/hoiamed.fi\/en\/product\/dermoacm-24-repairing-anti-scratching-cream-for-face-and-body\/#breadcrumb\"},\"inLanguage\":\"en-US\",\"potentialAction\":[{\"@type\":\"ReadAction\",\"target\":[\"https:\/\/hoiamed.fi\/en\/product\/dermoacm-24-repairing-anti-scratching-cream-for-face-and-body\/\"]}]},{\"@type\":\"ImageObject\",\"inLanguage\":\"en-US\",\"@id\":\"https:\/\/hoiamed.fi\/en\/product\/dermoacm-24-repairing-anti-scratching-cream-for-face-and-body\/#primaryimage\",\"url\":\"https:\/\/hoiamed.fi\/wp-content\/uploads\/2021\/05\/DermoACM24-anti-scratching-cream-for-face-and-body.png\",\"contentUrl\":\"https:\/\/hoiamed.fi\/wp-content\/uploads\/2021\/05\/DermoACM24-anti-scratching-cream-for-face-and-body.png\",\"width\":938,\"height\":996,\"caption\":\"Korjaava Anti-Scratching -voide ravitsee ihoa syv\u00e4lt\u00e4 ja lievitt\u00e4\u00e4 kuivan ja herk\u00e4n ihon ep\u00e4mukavuutta.\"},{\"@type\":\"BreadcrumbList\",\"@id\":\"https:\/\/hoiamed.fi\/en\/product\/dermoacm-24-repairing-anti-scratching-cream-for-face-and-body\/#breadcrumb\",\"itemListElement\":[{\"@type\":\"ListItem\",\"position\":1,\"name\":\"Home\",\"item\":\"https:\/\/hoiamed.fi\/en\/\"},{\"@type\":\"ListItem\",\"position\":2,\"name\":\"Shop\",\"item\":\"https:\/\/hoiamed.fi\/en\/shop\/\"},{\"@type\":\"ListItem\",\"position\":3,\"name\":\"DERMOACM 24 cream for irritated and atopic skin\"}]},{\"@type\":\"WebSite\",\"@id\":\"https:\/\/hoiamed.fi\/#website\",\"url\":\"https:\/\/hoiamed.fi\/\",\"name\":\"Hoiamed\",\"description\":\"\",\"publisher\":{\"@id\":\"https:\/\/hoiamed.fi\/#organization\"},\"potentialAction\":[{\"@type\":\"SearchAction\",\"target\":{\"@type\":\"EntryPoint\",\"urlTemplate\":\"https:\/\/hoiamed.fi\/?s={search_term_string}\"},\"query-input\":{\"@type\":\"PropertyValueSpecification\",\"valueRequired\":true,\"valueName\":\"search_term_string\"}}],\"inLanguage\":\"en-US\"},{\"@type\":\"Organization\",\"@id\":\"https:\/\/hoiamed.fi\/#organization\",\"name\":\"Hoiamed\",\"url\":\"https:\/\/hoiamed.fi\/\",\"logo\":{\"@type\":\"ImageObject\",\"inLanguage\":\"en-US\",\"@id\":\"https:\/\/hoiamed.fi\/#\/schema\/logo\/image\/\",\"url\":\"https:\/\/hoiamed.fi\/wp-content\/uploads\/2021\/04\/Hoiamed.png\",\"contentUrl\":\"https:\/\/hoiamed.fi\/wp-content\/uploads\/2021\/04\/Hoiamed.png\",\"width\":300,\"height\":193,\"caption\":\"Hoiamed\"},\"image\":{\"@id\":\"https:\/\/hoiamed.fi\/#\/schema\/logo\/image\/\"},\"sameAs\":[\"https:\/\/www.facebook.com\/Hoiamed\",\"https:\/\/www.instagram.com\/hoiamed.ee\"]}]}<\/script>\n<!-- \/ Yoast SEO plugin. -->","yoast_head_json":{"title":"DermoACM 24 Repairing Anti-Scratching Cream for face and body - Hoiamed Suomi","robots":{"index":"index","follow":"follow","max-snippet":"max-snippet:-1","max-image-preview":"max-image-preview:large","max-video-preview":"max-video-preview:-1"},"canonical":"https:\/\/hoiamed.fi\/en\/product\/dermoacm-24-repairing-anti-scratching-cream-for-face-and-body\/","og_locale":"en_US","og_type":"article","og_title":"DermoACM 24 Repairing Anti-Scratching Cream for face and body - Hoiamed Suomi","og_description":"The DermoACM\u00ae dermatological line is designed to care for delicate, dry, and reactive skin, preserving its natural lipid layer while delivering exceptional hydration, protection, and comfort. The Repairing Anti-Scratching Cream provides intense nourishment, soothing the discomfort of dry and sensitive skin. Ceramide and Panthenol work to restore and strengthen the skin barrier, ensuring long-lasting hydration. The exclusive Avenanthramide, Calendula, and Vitamin E complex effectively calms itching and irritation, bringing immediate relief. With its rich yet non-greasy, non-sticky texture, this cream is perfect for both adults and children. Developed with dermatologists. Clinically proven Efficacy*:   Reduces \u00a0itching sensation since first application  Repairs skin barrier  +53,4 % significant improvement of skin moisturization  Size: 100 ml.\u00a0Developed and manufactured in Italy.","og_url":"https:\/\/hoiamed.fi\/en\/product\/dermoacm-24-repairing-anti-scratching-cream-for-face-and-body\/","og_site_name":"Hoiamed Suomi","article_publisher":"https:\/\/www.facebook.com\/Hoiamed","article_modified_time":"2025-09-09T09:42:14+00:00","og_image":[{"width":1088,"height":1202,"url":"https:\/\/hoiamed.fi\/wp-content\/uploads\/2021\/05\/DermoACm-24-cream.png","type":"image\/png"}],"twitter_card":"summary_large_image","schema":{"@context":"https:\/\/schema.org","@graph":[{"@type":"WebPage","@id":"https:\/\/hoiamed.fi\/en\/product\/dermoacm-24-repairing-anti-scratching-cream-for-face-and-body\/","url":"https:\/\/hoiamed.fi\/en\/product\/dermoacm-24-repairing-anti-scratching-cream-for-face-and-body\/","name":"DermoACM 24 Repairing Anti-Scratching Cream for face and body - Hoiamed Suomi","isPartOf":{"@id":"https:\/\/hoiamed.fi\/#website"},"primaryImageOfPage":{"@id":"https:\/\/hoiamed.fi\/en\/product\/dermoacm-24-repairing-anti-scratching-cream-for-face-and-body\/#primaryimage"},"image":{"@id":"https:\/\/hoiamed.fi\/en\/product\/dermoacm-24-repairing-anti-scratching-cream-for-face-and-body\/#primaryimage"},"thumbnailUrl":"https:\/\/hoiamed.fi\/wp-content\/uploads\/2021\/05\/DermoACM24-anti-scratching-cream-for-face-and-body.png","datePublished":"2021-05-19T14:26:20+00:00","dateModified":"2025-09-09T09:42:14+00:00","breadcrumb":{"@id":"https:\/\/hoiamed.fi\/en\/product\/dermoacm-24-repairing-anti-scratching-cream-for-face-and-body\/#breadcrumb"},"inLanguage":"en-US","potentialAction":[{"@type":"ReadAction","target":["https:\/\/hoiamed.fi\/en\/product\/dermoacm-24-repairing-anti-scratching-cream-for-face-and-body\/"]}]},{"@type":"ImageObject","inLanguage":"en-US","@id":"https:\/\/hoiamed.fi\/en\/product\/dermoacm-24-repairing-anti-scratching-cream-for-face-and-body\/#primaryimage","url":"https:\/\/hoiamed.fi\/wp-content\/uploads\/2021\/05\/DermoACM24-anti-scratching-cream-for-face-and-body.png","contentUrl":"https:\/\/hoiamed.fi\/wp-content\/uploads\/2021\/05\/DermoACM24-anti-scratching-cream-for-face-and-body.png","width":938,"height":996,"caption":"Korjaava Anti-Scratching -voide ravitsee ihoa syv\u00e4lt\u00e4 ja lievitt\u00e4\u00e4 kuivan ja herk\u00e4n ihon ep\u00e4mukavuutta."},{"@type":"BreadcrumbList","@id":"https:\/\/hoiamed.fi\/en\/product\/dermoacm-24-repairing-anti-scratching-cream-for-face-and-body\/#breadcrumb","itemListElement":[{"@type":"ListItem","position":1,"name":"Home","item":"https:\/\/hoiamed.fi\/en\/"},{"@type":"ListItem","position":2,"name":"Shop","item":"https:\/\/hoiamed.fi\/en\/shop\/"},{"@type":"ListItem","position":3,"name":"DERMOACM 24 cream for irritated and atopic skin"}]},{"@type":"WebSite","@id":"https:\/\/hoiamed.fi\/#website","url":"https:\/\/hoiamed.fi\/","name":"Hoiamed","description":"","publisher":{"@id":"https:\/\/hoiamed.fi\/#organization"},"potentialAction":[{"@type":"SearchAction","target":{"@type":"EntryPoint","urlTemplate":"https:\/\/hoiamed.fi\/?s={search_term_string}"},"query-input":{"@type":"PropertyValueSpecification","valueRequired":true,"valueName":"search_term_string"}}],"inLanguage":"en-US"},{"@type":"Organization","@id":"https:\/\/hoiamed.fi\/#organization","name":"Hoiamed","url":"https:\/\/hoiamed.fi\/","logo":{"@type":"ImageObject","inLanguage":"en-US","@id":"https:\/\/hoiamed.fi\/#\/schema\/logo\/image\/","url":"https:\/\/hoiamed.fi\/wp-content\/uploads\/2021\/04\/Hoiamed.png","contentUrl":"https:\/\/hoiamed.fi\/wp-content\/uploads\/2021\/04\/Hoiamed.png","width":300,"height":193,"caption":"Hoiamed"},"image":{"@id":"https:\/\/hoiamed.fi\/#\/schema\/logo\/image\/"},"sameAs":["https:\/\/www.facebook.com\/Hoiamed","https:\/\/www.instagram.com\/hoiamed.ee"]}]}},"_links":{"self":[{"href":"https:\/\/hoiamed.fi\/en\/wp-json\/wp\/v2\/product\/5211","targetHints":{"allow":["GET"]}}],"collection":[{"href":"https:\/\/hoiamed.fi\/en\/wp-json\/wp\/v2\/product"}],"about":[{"href":"https:\/\/hoiamed.fi\/en\/wp-json\/wp\/v2\/types\/product"}],"replies":[{"embeddable":true,"href":"https:\/\/hoiamed.fi\/en\/wp-json\/wp\/v2\/comments?post=5211"}],"version-history":[{"count":3,"href":"https:\/\/hoiamed.fi\/en\/wp-json\/wp\/v2\/product\/5211\/revisions"}],"predecessor-version":[{"id":11472,"href":"https:\/\/hoiamed.fi\/en\/wp-json\/wp\/v2\/product\/5211\/revisions\/11472"}],"wp:featuredmedia":[{"embeddable":true,"href":"https:\/\/hoiamed.fi\/en\/wp-json\/wp\/v2\/media\/11475"}],"wp:attachment":[{"href":"https:\/\/hoiamed.fi\/en\/wp-json\/wp\/v2\/media?parent=5211"}],"wp:term":[{"taxonomy":"product_brand","embeddable":true,"href":"https:\/\/hoiamed.fi\/en\/wp-json\/wp\/v2\/product_brand?post=5211"},{"taxonomy":"product_cat","embeddable":true,"href":"https:\/\/hoiamed.fi\/en\/wp-json\/wp\/v2\/product_cat?post=5211"},{"taxonomy":"product_tag","embeddable":true,"href":"https:\/\/hoiamed.fi\/en\/wp-json\/wp\/v2\/product_tag?post=5211"}],"curies":[{"name":"wp","href":"https:\/\/api.w.org\/{rel}","templated":true}]}}