{"id":5166,"date":"2021-05-19T12:11:15","date_gmt":"2021-05-19T12:11:15","guid":{"rendered":"https:\/\/hoiamed.fi\/?post_type=product&#038;p=5166"},"modified":"2026-01-10T22:48:26","modified_gmt":"2026-01-10T20:48:26","slug":"to-neutralize-unpleasant-odours-dermoxen-soft-cool-intimate-deodorant-100-ml","status":"publish","type":"product","link":"https:\/\/hoiamed.fi\/en\/product\/to-neutralize-unpleasant-odours-dermoxen-soft-cool-intimate-deodorant-100-ml\/","title":{"rendered":"To neutralize unpleasant odours \u2013 Dermoxen Soft Cool intimate deodorant, 100 ml"},"content":{"rendered":"<p data-start=\"120\" data-end=\"328\"><span style=\"font-size: 14px;\"><strong data-start=\"120\" data-end=\"328\">Dermoxen Soft Cool intimate deodorant provides a pleasant refreshing effect. The product contains an important active ingredient, triethyl citrate, which helps inhibit the growth of odor-causing bacteria.<\/strong><\/span><\/p>\n<ul data-start=\"330\" data-end=\"537\">\n<li data-start=\"330\" data-end=\"357\">\n<p data-start=\"332\" data-end=\"357\"><span style=\"font-size: 14px;\">Dermatologically tested<\/span><\/p>\n<\/li>\n<li data-start=\"358\" data-end=\"376\">\n<p data-start=\"360\" data-end=\"376\"><span style=\"font-size: 14px;\">Hypoallergenic<\/span><\/p>\n<\/li>\n<li data-start=\"377\" data-end=\"428\">\n<p data-start=\"379\" data-end=\"428\"><span style=\"font-size: 14px;\">Free from parabens, thiazolinones and silicones<\/span><\/p>\n<\/li>\n<li data-start=\"429\" data-end=\"445\">\n<p data-start=\"431\" data-end=\"445\"><span style=\"font-size: 14px;\">Alcohol-free<\/span><\/p>\n<\/li>\n<li data-start=\"446\" data-end=\"537\">\n<p data-start=\"448\" data-end=\"537\"><span style=\"font-size: 14px;\">Safe: tested for nickel, chromium, cobalt, mercury and palladium (content below 0.00001%)<\/span><\/p>\n<\/li>\n<\/ul>\n<p data-start=\"539\" data-end=\"672\"><span style=\"font-size: 14px;\"><strong data-start=\"539\" data-end=\"672\">Dermoxen Soft Cool intimate deodorant is easy to carry with you when you are away from home and unable to wash the intimate area.<\/strong><\/span><\/p>\n<p>&nbsp;<\/p>\n<p>&nbsp;<\/p>\n","protected":false},"excerpt":{"rendered":"<p><span style=\"font-size: 14px;\">Dermoxen Soft Cool intimate deodorant provides a pleasant, refreshing effect without hindering normal perspiration, while maintaining the physiological pH of the intimate area. It is recommended for use during menstruation, on hot summer days, during active sports, and in cases of smaller urinary leakage\u2014especially when you are away from home and unable to wash regularly. The product is applied as a spray to the intimate area, as well as to underwear and sanitary pads,<strong> to neutralize unpleasant intimate odors.<\/strong> Additionally, it prevents the spread of bacteria that cause unpleasant smells.<\/span><\/p>\n<p><span style=\"color: #9bc3b8;\"><strong><span style=\"font-size: 14px;\">When to use the intimate deodorant:<\/span><\/strong><\/span><\/p>\n<ul>\n<li><span style=\"font-size: 14px;\">During menstruation.<\/span><\/li>\n<li><span style=\"font-size: 14px;\">When unpleasant odors occur (for example, in cases of vaginal infection).<\/span><\/li>\n<li><span style=\"font-size: 14px;\">On hot summer days (due to sweating and warmth).<\/span><\/li>\n<li><span style=\"font-size: 14px;\">In cases of urinary leakage, neutralizing odors in minor \u201caccidents.\u201d<\/span><\/li>\n<li><span style=\"font-size: 14px;\">Before intense physical activity and in situations with a higher likelihood of sweating.<\/span><\/li>\n<\/ul>\n<p><span style=\"font-size: 14px;\">Size 100ml. Developed and manufactured in Italy.<\/span><\/p>\n","protected":false},"featured_media":11323,"comment_status":"open","ping_status":"closed","template":"","meta":[],"product_brand":[],"product_cat":[252,254],"product_tag":[],"class_list":{"0":"post-5166","1":"product","2":"type-product","3":"status-publish","4":"has-post-thumbnail","6":"product_cat-vaginal-infections","7":"product_cat-bad-intimate-odours","9":"first","10":"instock","11":"taxable","12":"shipping-taxable","13":"purchasable","14":"product-type-simple"},"yoast_head":"<!-- This site is optimized with the Yoast SEO plugin v26.7 - https:\/\/yoast.com\/wordpress\/plugins\/seo\/ -->\n<title>To neutralize unpleasant odours \u2013 Dermoxen Soft Cool intimate deodorant, 100 ml - Hoiamed Suomi<\/title>\n<meta name=\"description\" content=\"Dermoxen Soft Cool intimate deodorant refreshes the intimate area, neutralizes unpleasant odors during menstruation, heat and mild urinary leakage.\" \/>\n<meta name=\"robots\" content=\"index, follow, max-snippet:-1, max-image-preview:large, max-video-preview:-1\" \/>\n<link rel=\"canonical\" href=\"https:\/\/hoiamed.fi\/en\/product\/to-neutralize-unpleasant-odours-dermoxen-soft-cool-intimate-deodorant-100-ml\/\" \/>\n<meta property=\"og:locale\" content=\"en_US\" \/>\n<meta property=\"og:type\" content=\"article\" \/>\n<meta property=\"og:title\" content=\"To neutralize unpleasant odours \u2013 Dermoxen Soft Cool intimate deodorant, 100 ml - Hoiamed Suomi\" \/>\n<meta property=\"og:description\" content=\"Dermoxen Soft Cool intimate deodorant refreshes the intimate area, neutralizes unpleasant odors during menstruation, heat and mild urinary leakage.\" \/>\n<meta property=\"og:url\" content=\"https:\/\/hoiamed.fi\/en\/product\/to-neutralize-unpleasant-odours-dermoxen-soft-cool-intimate-deodorant-100-ml\/\" \/>\n<meta property=\"og:site_name\" content=\"Hoiamed Suomi\" \/>\n<meta property=\"article:publisher\" content=\"https:\/\/www.facebook.com\/Hoiamed\" \/>\n<meta property=\"article:modified_time\" content=\"2026-01-10T20:48:26+00:00\" \/>\n<meta property=\"og:image\" content=\"https:\/\/hoiamed.fi\/wp-content\/uploads\/2021\/05\/Dermoxen-Soft-Cool_intimate-odour_.png\" \/>\n\t<meta property=\"og:image:width\" content=\"545\" \/>\n\t<meta property=\"og:image:height\" content=\"530\" \/>\n\t<meta property=\"og:image:type\" content=\"image\/png\" \/>\n<meta name=\"twitter:card\" content=\"summary_large_image\" \/>\n<meta name=\"twitter:label1\" content=\"Est. reading time\" \/>\n\t<meta name=\"twitter:data1\" content=\"1 minute\" \/>\n<script type=\"application\/ld+json\" class=\"yoast-schema-graph\">{\"@context\":\"https:\/\/schema.org\",\"@graph\":[{\"@type\":\"WebPage\",\"@id\":\"https:\/\/hoiamed.fi\/en\/product\/to-neutralize-unpleasant-odours-dermoxen-soft-cool-intimate-deodorant-100-ml\/\",\"url\":\"https:\/\/hoiamed.fi\/en\/product\/to-neutralize-unpleasant-odours-dermoxen-soft-cool-intimate-deodorant-100-ml\/\",\"name\":\"To neutralize unpleasant odours \u2013 Dermoxen Soft Cool intimate deodorant, 100 ml - Hoiamed Suomi\",\"isPartOf\":{\"@id\":\"https:\/\/hoiamed.fi\/#website\"},\"primaryImageOfPage\":{\"@id\":\"https:\/\/hoiamed.fi\/en\/product\/to-neutralize-unpleasant-odours-dermoxen-soft-cool-intimate-deodorant-100-ml\/#primaryimage\"},\"image\":{\"@id\":\"https:\/\/hoiamed.fi\/en\/product\/to-neutralize-unpleasant-odours-dermoxen-soft-cool-intimate-deodorant-100-ml\/#primaryimage\"},\"thumbnailUrl\":\"https:\/\/hoiamed.fi\/wp-content\/uploads\/2021\/05\/Dermoxen-Soft-Cool_intimate-odour_.png\",\"datePublished\":\"2021-05-19T12:11:15+00:00\",\"dateModified\":\"2026-01-10T20:48:26+00:00\",\"description\":\"Dermoxen Soft Cool intimate deodorant refreshes the intimate area, neutralizes unpleasant odors during menstruation, heat and mild urinary leakage.\",\"breadcrumb\":{\"@id\":\"https:\/\/hoiamed.fi\/en\/product\/to-neutralize-unpleasant-odours-dermoxen-soft-cool-intimate-deodorant-100-ml\/#breadcrumb\"},\"inLanguage\":\"en-US\",\"potentialAction\":[{\"@type\":\"ReadAction\",\"target\":[\"https:\/\/hoiamed.fi\/en\/product\/to-neutralize-unpleasant-odours-dermoxen-soft-cool-intimate-deodorant-100-ml\/\"]}]},{\"@type\":\"ImageObject\",\"inLanguage\":\"en-US\",\"@id\":\"https:\/\/hoiamed.fi\/en\/product\/to-neutralize-unpleasant-odours-dermoxen-soft-cool-intimate-deodorant-100-ml\/#primaryimage\",\"url\":\"https:\/\/hoiamed.fi\/wp-content\/uploads\/2021\/05\/Dermoxen-Soft-Cool_intimate-odour_.png\",\"contentUrl\":\"https:\/\/hoiamed.fi\/wp-content\/uploads\/2021\/05\/Dermoxen-Soft-Cool_intimate-odour_.png\",\"width\":545,\"height\":530,\"caption\":\"Dermoxen Soft Cool -intiimideodorantti vaikuttaa raikastavasti est\u00e4m\u00e4tt\u00e4 normaalia hikoilua ja yll\u00e4pit\u00e4m\u00e4ll\u00e4 intiimialueen fysiologista pH-arvoa.\"},{\"@type\":\"BreadcrumbList\",\"@id\":\"https:\/\/hoiamed.fi\/en\/product\/to-neutralize-unpleasant-odours-dermoxen-soft-cool-intimate-deodorant-100-ml\/#breadcrumb\",\"itemListElement\":[{\"@type\":\"ListItem\",\"position\":1,\"name\":\"Home\",\"item\":\"https:\/\/hoiamed.fi\/en\/\"},{\"@type\":\"ListItem\",\"position\":2,\"name\":\"Shop\",\"item\":\"https:\/\/hoiamed.fi\/en\/shop\/\"},{\"@type\":\"ListItem\",\"position\":3,\"name\":\"To neutralize unpleasant odours \u2013 Dermoxen Soft Cool intimate deodorant, 100 ml\"}]},{\"@type\":\"WebSite\",\"@id\":\"https:\/\/hoiamed.fi\/#website\",\"url\":\"https:\/\/hoiamed.fi\/\",\"name\":\"Hoiamed\",\"description\":\"\",\"publisher\":{\"@id\":\"https:\/\/hoiamed.fi\/#organization\"},\"potentialAction\":[{\"@type\":\"SearchAction\",\"target\":{\"@type\":\"EntryPoint\",\"urlTemplate\":\"https:\/\/hoiamed.fi\/?s={search_term_string}\"},\"query-input\":{\"@type\":\"PropertyValueSpecification\",\"valueRequired\":true,\"valueName\":\"search_term_string\"}}],\"inLanguage\":\"en-US\"},{\"@type\":\"Organization\",\"@id\":\"https:\/\/hoiamed.fi\/#organization\",\"name\":\"Hoiamed\",\"url\":\"https:\/\/hoiamed.fi\/\",\"logo\":{\"@type\":\"ImageObject\",\"inLanguage\":\"en-US\",\"@id\":\"https:\/\/hoiamed.fi\/#\/schema\/logo\/image\/\",\"url\":\"https:\/\/hoiamed.fi\/wp-content\/uploads\/2021\/04\/Hoiamed.png\",\"contentUrl\":\"https:\/\/hoiamed.fi\/wp-content\/uploads\/2021\/04\/Hoiamed.png\",\"width\":300,\"height\":193,\"caption\":\"Hoiamed\"},\"image\":{\"@id\":\"https:\/\/hoiamed.fi\/#\/schema\/logo\/image\/\"},\"sameAs\":[\"https:\/\/www.facebook.com\/Hoiamed\",\"https:\/\/www.instagram.com\/hoiamed.ee\"]}]}<\/script>\n<!-- \/ Yoast SEO plugin. -->","yoast_head_json":{"title":"To neutralize unpleasant odours \u2013 Dermoxen Soft Cool intimate deodorant, 100 ml - Hoiamed Suomi","description":"Dermoxen Soft Cool intimate deodorant refreshes the intimate area, neutralizes unpleasant odors during menstruation, heat and mild urinary leakage.","robots":{"index":"index","follow":"follow","max-snippet":"max-snippet:-1","max-image-preview":"max-image-preview:large","max-video-preview":"max-video-preview:-1"},"canonical":"https:\/\/hoiamed.fi\/en\/product\/to-neutralize-unpleasant-odours-dermoxen-soft-cool-intimate-deodorant-100-ml\/","og_locale":"en_US","og_type":"article","og_title":"To neutralize unpleasant odours \u2013 Dermoxen Soft Cool intimate deodorant, 100 ml - Hoiamed Suomi","og_description":"Dermoxen Soft Cool intimate deodorant refreshes the intimate area, neutralizes unpleasant odors during menstruation, heat and mild urinary leakage.","og_url":"https:\/\/hoiamed.fi\/en\/product\/to-neutralize-unpleasant-odours-dermoxen-soft-cool-intimate-deodorant-100-ml\/","og_site_name":"Hoiamed Suomi","article_publisher":"https:\/\/www.facebook.com\/Hoiamed","article_modified_time":"2026-01-10T20:48:26+00:00","og_image":[{"width":545,"height":530,"url":"https:\/\/hoiamed.fi\/wp-content\/uploads\/2021\/05\/Dermoxen-Soft-Cool_intimate-odour_.png","type":"image\/png"}],"twitter_card":"summary_large_image","twitter_misc":{"Est. reading time":"1 minute"},"schema":{"@context":"https:\/\/schema.org","@graph":[{"@type":"WebPage","@id":"https:\/\/hoiamed.fi\/en\/product\/to-neutralize-unpleasant-odours-dermoxen-soft-cool-intimate-deodorant-100-ml\/","url":"https:\/\/hoiamed.fi\/en\/product\/to-neutralize-unpleasant-odours-dermoxen-soft-cool-intimate-deodorant-100-ml\/","name":"To neutralize unpleasant odours \u2013 Dermoxen Soft Cool intimate deodorant, 100 ml - Hoiamed Suomi","isPartOf":{"@id":"https:\/\/hoiamed.fi\/#website"},"primaryImageOfPage":{"@id":"https:\/\/hoiamed.fi\/en\/product\/to-neutralize-unpleasant-odours-dermoxen-soft-cool-intimate-deodorant-100-ml\/#primaryimage"},"image":{"@id":"https:\/\/hoiamed.fi\/en\/product\/to-neutralize-unpleasant-odours-dermoxen-soft-cool-intimate-deodorant-100-ml\/#primaryimage"},"thumbnailUrl":"https:\/\/hoiamed.fi\/wp-content\/uploads\/2021\/05\/Dermoxen-Soft-Cool_intimate-odour_.png","datePublished":"2021-05-19T12:11:15+00:00","dateModified":"2026-01-10T20:48:26+00:00","description":"Dermoxen Soft Cool intimate deodorant refreshes the intimate area, neutralizes unpleasant odors during menstruation, heat and mild urinary leakage.","breadcrumb":{"@id":"https:\/\/hoiamed.fi\/en\/product\/to-neutralize-unpleasant-odours-dermoxen-soft-cool-intimate-deodorant-100-ml\/#breadcrumb"},"inLanguage":"en-US","potentialAction":[{"@type":"ReadAction","target":["https:\/\/hoiamed.fi\/en\/product\/to-neutralize-unpleasant-odours-dermoxen-soft-cool-intimate-deodorant-100-ml\/"]}]},{"@type":"ImageObject","inLanguage":"en-US","@id":"https:\/\/hoiamed.fi\/en\/product\/to-neutralize-unpleasant-odours-dermoxen-soft-cool-intimate-deodorant-100-ml\/#primaryimage","url":"https:\/\/hoiamed.fi\/wp-content\/uploads\/2021\/05\/Dermoxen-Soft-Cool_intimate-odour_.png","contentUrl":"https:\/\/hoiamed.fi\/wp-content\/uploads\/2021\/05\/Dermoxen-Soft-Cool_intimate-odour_.png","width":545,"height":530,"caption":"Dermoxen Soft Cool -intiimideodorantti vaikuttaa raikastavasti est\u00e4m\u00e4tt\u00e4 normaalia hikoilua ja yll\u00e4pit\u00e4m\u00e4ll\u00e4 intiimialueen fysiologista pH-arvoa."},{"@type":"BreadcrumbList","@id":"https:\/\/hoiamed.fi\/en\/product\/to-neutralize-unpleasant-odours-dermoxen-soft-cool-intimate-deodorant-100-ml\/#breadcrumb","itemListElement":[{"@type":"ListItem","position":1,"name":"Home","item":"https:\/\/hoiamed.fi\/en\/"},{"@type":"ListItem","position":2,"name":"Shop","item":"https:\/\/hoiamed.fi\/en\/shop\/"},{"@type":"ListItem","position":3,"name":"To neutralize unpleasant odours \u2013 Dermoxen Soft Cool intimate deodorant, 100 ml"}]},{"@type":"WebSite","@id":"https:\/\/hoiamed.fi\/#website","url":"https:\/\/hoiamed.fi\/","name":"Hoiamed","description":"","publisher":{"@id":"https:\/\/hoiamed.fi\/#organization"},"potentialAction":[{"@type":"SearchAction","target":{"@type":"EntryPoint","urlTemplate":"https:\/\/hoiamed.fi\/?s={search_term_string}"},"query-input":{"@type":"PropertyValueSpecification","valueRequired":true,"valueName":"search_term_string"}}],"inLanguage":"en-US"},{"@type":"Organization","@id":"https:\/\/hoiamed.fi\/#organization","name":"Hoiamed","url":"https:\/\/hoiamed.fi\/","logo":{"@type":"ImageObject","inLanguage":"en-US","@id":"https:\/\/hoiamed.fi\/#\/schema\/logo\/image\/","url":"https:\/\/hoiamed.fi\/wp-content\/uploads\/2021\/04\/Hoiamed.png","contentUrl":"https:\/\/hoiamed.fi\/wp-content\/uploads\/2021\/04\/Hoiamed.png","width":300,"height":193,"caption":"Hoiamed"},"image":{"@id":"https:\/\/hoiamed.fi\/#\/schema\/logo\/image\/"},"sameAs":["https:\/\/www.facebook.com\/Hoiamed","https:\/\/www.instagram.com\/hoiamed.ee"]}]}},"_links":{"self":[{"href":"https:\/\/hoiamed.fi\/en\/wp-json\/wp\/v2\/product\/5166","targetHints":{"allow":["GET"]}}],"collection":[{"href":"https:\/\/hoiamed.fi\/en\/wp-json\/wp\/v2\/product"}],"about":[{"href":"https:\/\/hoiamed.fi\/en\/wp-json\/wp\/v2\/types\/product"}],"replies":[{"embeddable":true,"href":"https:\/\/hoiamed.fi\/en\/wp-json\/wp\/v2\/comments?post=5166"}],"version-history":[{"count":3,"href":"https:\/\/hoiamed.fi\/en\/wp-json\/wp\/v2\/product\/5166\/revisions"}],"predecessor-version":[{"id":11684,"href":"https:\/\/hoiamed.fi\/en\/wp-json\/wp\/v2\/product\/5166\/revisions\/11684"}],"wp:featuredmedia":[{"embeddable":true,"href":"https:\/\/hoiamed.fi\/en\/wp-json\/wp\/v2\/media\/11323"}],"wp:attachment":[{"href":"https:\/\/hoiamed.fi\/en\/wp-json\/wp\/v2\/media?parent=5166"}],"wp:term":[{"taxonomy":"product_brand","embeddable":true,"href":"https:\/\/hoiamed.fi\/en\/wp-json\/wp\/v2\/product_brand?post=5166"},{"taxonomy":"product_cat","embeddable":true,"href":"https:\/\/hoiamed.fi\/en\/wp-json\/wp\/v2\/product_cat?post=5166"},{"taxonomy":"product_tag","embeddable":true,"href":"https:\/\/hoiamed.fi\/en\/wp-json\/wp\/v2\/product_tag?post=5166"}],"curies":[{"name":"wp","href":"https:\/\/api.w.org\/{rel}","templated":true}]}}