{"id":5153,"date":"2021-05-18T15:02:21","date_gmt":"2021-05-18T15:02:21","guid":{"rendered":"https:\/\/hoiamed.fi\/?post_type=product&#038;p=5153"},"modified":"2026-01-09T21:48:03","modified_gmt":"2026-01-09T19:48:03","slug":"dermoxen-lenitivo-intimate-cleanser-for-vaginal-dryness","status":"publish","type":"product","link":"https:\/\/hoiamed.fi\/en\/product\/dermoxen-lenitivo-intimate-cleanser-for-vaginal-dryness\/","title":{"rendered":"Dermoxen Lenitivo intimate cleanser for vaginal dryness,200 ml"},"content":{"rendered":"<p><strong><span style=\"color: #9bc3b8;\">Dermoxen is the safest and most reliable choice, as its products have undergone extensive testing to ensure maximum safety, efficacy, and skin compatibility.<\/span><\/strong><\/p>\n<div class=\"group\/conversation-turn relative flex w-full min-w-0 flex-col agent-turn\">\n<div class=\"flex-col gap-1 md:gap-3\">\n<div class=\"flex max-w-full flex-col flex-grow\">\n<div class=\"min-h-8 text-message flex w-full flex-col items-end gap-2 whitespace-normal break-words text-start [.text-message+&amp;]:mt-5\" dir=\"auto\" data-message-author-role=\"assistant\" data-message-id=\"187d5069-24cc-40c5-b64c-a24b9bf00cb0\" data-message-model-slug=\"gpt-4o\">\n<div class=\"flex w-full flex-col gap-1 empty:hidden first:pt-[3px]\">\n<div class=\"markdown prose w-full break-words dark:prose-invert light\">\n<ul>\n<li><span style=\"font-size: 14px;\">+95% natural ingredients.<\/span><\/li>\n<li><span style=\"font-size: 14px;\">Clinically proven deodorizing efficacy.<\/span><\/li>\n<li><span style=\"font-size: 14px;\">Dermatologically tested.<\/span><\/li>\n<li><span style=\"font-size: 14px;\">Passed in-vitro and in-vivo tolerance tests. Well tolerated on the skin and on the vaginal epithelium.<\/span><\/li>\n<li><span style=\"font-size: 14px;\">Free from soap, sulfates, and parabens.<\/span><\/li>\n<li><span style=\"font-size: 14px;\">Allergen-free fragrance.<\/span><\/li>\n<li><span style=\"font-size: 14px;\">Thiazolinone-free.<\/span><\/li>\n<li><span style=\"font-size: 14px;\">Physiological pH.<\/span><\/li>\n<li><span style=\"font-size: 14px;\">Tested for nickel, chromium, cobalt, mercury, and palladium (content less than 0.00001%).<\/span><\/li>\n<\/ul>\n<\/div>\n<\/div>\n<\/div>\n<\/div>\n<\/div>\n<\/div>\n<p>&nbsp;<\/p>\n","protected":false},"excerpt":{"rendered":"<p><span style=\"font-size: 14px;\"><strong><span style=\"color: #b4dfd3;\">&#8220;Intimate wellbeing has no age&#8221;<\/span><\/strong><\/span><\/p>\n<p><span style=\"font-size: 14px;\"><strong>Dermoxen intimate cleanser LENITIVO <\/strong>takes care of women, exerting a moisturizing and soothing action, in case of\u00a0<strong>vaginal dryness, itching and redness,<\/strong>\u00a0thanks to the presence of a mix of\u00a0natural extracts.<\/span><\/p>\n<ul>\n<li><span style=\"font-size: 14px;\"><strong>Lotus flower extracts:\u00a0<\/strong>rich in proteins and vitamin C, with moisturizing and purifying properties.\u00a0<\/span><\/li>\n<li><span style=\"font-size: 14px;\"><strong>Baobab and Saw Palmetto:\u00a0<\/strong>with a soothing action.<\/span><\/li>\n<li><span style=\"font-size: 14px;\"><strong>Aloe Vera juice:\u00a0<\/strong>protective, refreshing and moisturizing properties.<\/span><\/li>\n<li><span style=\"font-size: 14px;\"><strong>Prebiotic fibres:\u00a0<\/strong>They promote the natural proliferation of Lactobacilli, in order to protect the intimate natural defences.<\/span><\/li>\n<\/ul>\n<p><span style=\"font-size: 14px;\"><strong>For daily intimate hygiene of women suffering from recurring itching and redness in the intimate area.<\/strong>Intimate dryness can occur due to hormonal changes (decline), such as during menopause, pregnancy, and breastfeeding. It can also be caused by synthetic underwear, prolonged use of tampons and panty liners, which may disrupt the vaginal microbiota. Additionally, factors like antibiotic treatment or stress can contribute to its development.<\/span><\/p>\n<p><span style=\"font-size: 14px;\">Size: 200 ml. Developed and manufactured in Italy.<\/span><\/p>\n","protected":false},"featured_media":11247,"comment_status":"open","ping_status":"closed","template":"","meta":[],"product_brand":[],"product_cat":[253,262],"product_tag":[],"class_list":{"0":"post-5153","1":"product","2":"type-product","3":"status-publish","4":"has-post-thumbnail","6":"product_cat-vaginal-dryness","7":"product_cat-womens-intimate-hygiene","9":"first","10":"instock","11":"taxable","12":"shipping-taxable","13":"purchasable","14":"product-type-simple"},"yoast_head":"<!-- This site is optimized with the Yoast SEO plugin v26.7 - https:\/\/yoast.com\/wordpress\/plugins\/seo\/ -->\n<title>Dermoxen Lenitivo intimate cleanser for vaginal dryness,200 ml - Hoiamed Suomi<\/title>\n<meta name=\"description\" content=\"Dermoxen Lenitivo intimate cleanser moisturizes and soothes the intimate area, helping relieve vaginal dryness, itching and redness while supporting daily comfort.\" \/>\n<meta name=\"robots\" content=\"index, follow, max-snippet:-1, max-image-preview:large, max-video-preview:-1\" \/>\n<link rel=\"canonical\" href=\"https:\/\/hoiamed.fi\/en\/product\/dermoxen-lenitivo-intimate-cleanser-for-vaginal-dryness\/\" \/>\n<meta property=\"og:locale\" content=\"en_US\" \/>\n<meta property=\"og:type\" content=\"article\" \/>\n<meta property=\"og:title\" content=\"Dermoxen Lenitivo intimate cleanser for vaginal dryness,200 ml - Hoiamed Suomi\" \/>\n<meta property=\"og:description\" content=\"Dermoxen Lenitivo intimate cleanser moisturizes and soothes the intimate area, helping relieve vaginal dryness, itching and redness while supporting daily comfort.\" \/>\n<meta property=\"og:url\" content=\"https:\/\/hoiamed.fi\/en\/product\/dermoxen-lenitivo-intimate-cleanser-for-vaginal-dryness\/\" \/>\n<meta property=\"og:site_name\" content=\"Hoiamed Suomi\" \/>\n<meta property=\"article:publisher\" content=\"https:\/\/www.facebook.com\/Hoiamed\" \/>\n<meta property=\"article:modified_time\" content=\"2026-01-09T19:48:03+00:00\" \/>\n<meta property=\"og:image\" content=\"https:\/\/hoiamed.fi\/wp-content\/uploads\/2025\/02\/lenitivo.png\" \/>\n\t<meta property=\"og:image:width\" content=\"1247\" \/>\n\t<meta property=\"og:image:height\" content=\"1280\" \/>\n\t<meta property=\"og:image:type\" content=\"image\/png\" \/>\n<meta name=\"twitter:card\" content=\"summary_large_image\" \/>\n<meta name=\"twitter:label1\" content=\"Est. reading time\" \/>\n\t<meta name=\"twitter:data1\" content=\"1 minute\" \/>\n<script type=\"application\/ld+json\" class=\"yoast-schema-graph\">{\"@context\":\"https:\/\/schema.org\",\"@graph\":[{\"@type\":\"WebPage\",\"@id\":\"https:\/\/hoiamed.fi\/en\/product\/dermoxen-lenitivo-intimate-cleanser-for-vaginal-dryness\/\",\"url\":\"https:\/\/hoiamed.fi\/en\/product\/dermoxen-lenitivo-intimate-cleanser-for-vaginal-dryness\/\",\"name\":\"Dermoxen Lenitivo intimate cleanser for vaginal dryness,200 ml - Hoiamed Suomi\",\"isPartOf\":{\"@id\":\"https:\/\/hoiamed.fi\/#website\"},\"primaryImageOfPage\":{\"@id\":\"https:\/\/hoiamed.fi\/en\/product\/dermoxen-lenitivo-intimate-cleanser-for-vaginal-dryness\/#primaryimage\"},\"image\":{\"@id\":\"https:\/\/hoiamed.fi\/en\/product\/dermoxen-lenitivo-intimate-cleanser-for-vaginal-dryness\/#primaryimage\"},\"thumbnailUrl\":\"https:\/\/hoiamed.fi\/wp-content\/uploads\/2025\/02\/lenitivo.png\",\"datePublished\":\"2021-05-18T15:02:21+00:00\",\"dateModified\":\"2026-01-09T19:48:03+00:00\",\"description\":\"Dermoxen Lenitivo intimate cleanser moisturizes and soothes the intimate area, helping relieve vaginal dryness, itching and redness while supporting daily comfort.\",\"breadcrumb\":{\"@id\":\"https:\/\/hoiamed.fi\/en\/product\/dermoxen-lenitivo-intimate-cleanser-for-vaginal-dryness\/#breadcrumb\"},\"inLanguage\":\"en-US\",\"potentialAction\":[{\"@type\":\"ReadAction\",\"target\":[\"https:\/\/hoiamed.fi\/en\/product\/dermoxen-lenitivo-intimate-cleanser-for-vaginal-dryness\/\"]}]},{\"@type\":\"ImageObject\",\"inLanguage\":\"en-US\",\"@id\":\"https:\/\/hoiamed.fi\/en\/product\/dermoxen-lenitivo-intimate-cleanser-for-vaginal-dryness\/#primaryimage\",\"url\":\"https:\/\/hoiamed.fi\/wp-content\/uploads\/2025\/02\/lenitivo.png\",\"contentUrl\":\"https:\/\/hoiamed.fi\/wp-content\/uploads\/2025\/02\/lenitivo.png\",\"width\":1247,\"height\":1280,\"caption\":\"Dermoxen Lenitivo intiimipesugeeli kosteuttaa ja rauhoittaa intiimialuetta, lievitt\u00e4en em\u00e4ttimen kuivuutta, kutinaa ja punoitusta sek\u00e4 tukien p\u00e4ivitt\u00e4ist\u00e4 mukavuutta.\"},{\"@type\":\"BreadcrumbList\",\"@id\":\"https:\/\/hoiamed.fi\/en\/product\/dermoxen-lenitivo-intimate-cleanser-for-vaginal-dryness\/#breadcrumb\",\"itemListElement\":[{\"@type\":\"ListItem\",\"position\":1,\"name\":\"Home\",\"item\":\"https:\/\/hoiamed.fi\/en\/\"},{\"@type\":\"ListItem\",\"position\":2,\"name\":\"Shop\",\"item\":\"https:\/\/hoiamed.fi\/en\/shop\/\"},{\"@type\":\"ListItem\",\"position\":3,\"name\":\"Dermoxen Lenitivo intimate cleanser for vaginal dryness,200 ml\"}]},{\"@type\":\"WebSite\",\"@id\":\"https:\/\/hoiamed.fi\/#website\",\"url\":\"https:\/\/hoiamed.fi\/\",\"name\":\"Hoiamed\",\"description\":\"\",\"publisher\":{\"@id\":\"https:\/\/hoiamed.fi\/#organization\"},\"potentialAction\":[{\"@type\":\"SearchAction\",\"target\":{\"@type\":\"EntryPoint\",\"urlTemplate\":\"https:\/\/hoiamed.fi\/?s={search_term_string}\"},\"query-input\":{\"@type\":\"PropertyValueSpecification\",\"valueRequired\":true,\"valueName\":\"search_term_string\"}}],\"inLanguage\":\"en-US\"},{\"@type\":\"Organization\",\"@id\":\"https:\/\/hoiamed.fi\/#organization\",\"name\":\"Hoiamed\",\"url\":\"https:\/\/hoiamed.fi\/\",\"logo\":{\"@type\":\"ImageObject\",\"inLanguage\":\"en-US\",\"@id\":\"https:\/\/hoiamed.fi\/#\/schema\/logo\/image\/\",\"url\":\"https:\/\/hoiamed.fi\/wp-content\/uploads\/2021\/04\/Hoiamed.png\",\"contentUrl\":\"https:\/\/hoiamed.fi\/wp-content\/uploads\/2021\/04\/Hoiamed.png\",\"width\":300,\"height\":193,\"caption\":\"Hoiamed\"},\"image\":{\"@id\":\"https:\/\/hoiamed.fi\/#\/schema\/logo\/image\/\"},\"sameAs\":[\"https:\/\/www.facebook.com\/Hoiamed\",\"https:\/\/www.instagram.com\/hoiamed.ee\"]}]}<\/script>\n<!-- \/ Yoast SEO plugin. -->","yoast_head_json":{"title":"Dermoxen Lenitivo intimate cleanser for vaginal dryness,200 ml - Hoiamed Suomi","description":"Dermoxen Lenitivo intimate cleanser moisturizes and soothes the intimate area, helping relieve vaginal dryness, itching and redness while supporting daily comfort.","robots":{"index":"index","follow":"follow","max-snippet":"max-snippet:-1","max-image-preview":"max-image-preview:large","max-video-preview":"max-video-preview:-1"},"canonical":"https:\/\/hoiamed.fi\/en\/product\/dermoxen-lenitivo-intimate-cleanser-for-vaginal-dryness\/","og_locale":"en_US","og_type":"article","og_title":"Dermoxen Lenitivo intimate cleanser for vaginal dryness,200 ml - Hoiamed Suomi","og_description":"Dermoxen Lenitivo intimate cleanser moisturizes and soothes the intimate area, helping relieve vaginal dryness, itching and redness while supporting daily comfort.","og_url":"https:\/\/hoiamed.fi\/en\/product\/dermoxen-lenitivo-intimate-cleanser-for-vaginal-dryness\/","og_site_name":"Hoiamed Suomi","article_publisher":"https:\/\/www.facebook.com\/Hoiamed","article_modified_time":"2026-01-09T19:48:03+00:00","og_image":[{"width":1247,"height":1280,"url":"https:\/\/hoiamed.fi\/wp-content\/uploads\/2025\/02\/lenitivo.png","type":"image\/png"}],"twitter_card":"summary_large_image","twitter_misc":{"Est. reading time":"1 minute"},"schema":{"@context":"https:\/\/schema.org","@graph":[{"@type":"WebPage","@id":"https:\/\/hoiamed.fi\/en\/product\/dermoxen-lenitivo-intimate-cleanser-for-vaginal-dryness\/","url":"https:\/\/hoiamed.fi\/en\/product\/dermoxen-lenitivo-intimate-cleanser-for-vaginal-dryness\/","name":"Dermoxen Lenitivo intimate cleanser for vaginal dryness,200 ml - Hoiamed Suomi","isPartOf":{"@id":"https:\/\/hoiamed.fi\/#website"},"primaryImageOfPage":{"@id":"https:\/\/hoiamed.fi\/en\/product\/dermoxen-lenitivo-intimate-cleanser-for-vaginal-dryness\/#primaryimage"},"image":{"@id":"https:\/\/hoiamed.fi\/en\/product\/dermoxen-lenitivo-intimate-cleanser-for-vaginal-dryness\/#primaryimage"},"thumbnailUrl":"https:\/\/hoiamed.fi\/wp-content\/uploads\/2025\/02\/lenitivo.png","datePublished":"2021-05-18T15:02:21+00:00","dateModified":"2026-01-09T19:48:03+00:00","description":"Dermoxen Lenitivo intimate cleanser moisturizes and soothes the intimate area, helping relieve vaginal dryness, itching and redness while supporting daily comfort.","breadcrumb":{"@id":"https:\/\/hoiamed.fi\/en\/product\/dermoxen-lenitivo-intimate-cleanser-for-vaginal-dryness\/#breadcrumb"},"inLanguage":"en-US","potentialAction":[{"@type":"ReadAction","target":["https:\/\/hoiamed.fi\/en\/product\/dermoxen-lenitivo-intimate-cleanser-for-vaginal-dryness\/"]}]},{"@type":"ImageObject","inLanguage":"en-US","@id":"https:\/\/hoiamed.fi\/en\/product\/dermoxen-lenitivo-intimate-cleanser-for-vaginal-dryness\/#primaryimage","url":"https:\/\/hoiamed.fi\/wp-content\/uploads\/2025\/02\/lenitivo.png","contentUrl":"https:\/\/hoiamed.fi\/wp-content\/uploads\/2025\/02\/lenitivo.png","width":1247,"height":1280,"caption":"Dermoxen Lenitivo intiimipesugeeli kosteuttaa ja rauhoittaa intiimialuetta, lievitt\u00e4en em\u00e4ttimen kuivuutta, kutinaa ja punoitusta sek\u00e4 tukien p\u00e4ivitt\u00e4ist\u00e4 mukavuutta."},{"@type":"BreadcrumbList","@id":"https:\/\/hoiamed.fi\/en\/product\/dermoxen-lenitivo-intimate-cleanser-for-vaginal-dryness\/#breadcrumb","itemListElement":[{"@type":"ListItem","position":1,"name":"Home","item":"https:\/\/hoiamed.fi\/en\/"},{"@type":"ListItem","position":2,"name":"Shop","item":"https:\/\/hoiamed.fi\/en\/shop\/"},{"@type":"ListItem","position":3,"name":"Dermoxen Lenitivo intimate cleanser for vaginal dryness,200 ml"}]},{"@type":"WebSite","@id":"https:\/\/hoiamed.fi\/#website","url":"https:\/\/hoiamed.fi\/","name":"Hoiamed","description":"","publisher":{"@id":"https:\/\/hoiamed.fi\/#organization"},"potentialAction":[{"@type":"SearchAction","target":{"@type":"EntryPoint","urlTemplate":"https:\/\/hoiamed.fi\/?s={search_term_string}"},"query-input":{"@type":"PropertyValueSpecification","valueRequired":true,"valueName":"search_term_string"}}],"inLanguage":"en-US"},{"@type":"Organization","@id":"https:\/\/hoiamed.fi\/#organization","name":"Hoiamed","url":"https:\/\/hoiamed.fi\/","logo":{"@type":"ImageObject","inLanguage":"en-US","@id":"https:\/\/hoiamed.fi\/#\/schema\/logo\/image\/","url":"https:\/\/hoiamed.fi\/wp-content\/uploads\/2021\/04\/Hoiamed.png","contentUrl":"https:\/\/hoiamed.fi\/wp-content\/uploads\/2021\/04\/Hoiamed.png","width":300,"height":193,"caption":"Hoiamed"},"image":{"@id":"https:\/\/hoiamed.fi\/#\/schema\/logo\/image\/"},"sameAs":["https:\/\/www.facebook.com\/Hoiamed","https:\/\/www.instagram.com\/hoiamed.ee"]}]}},"_links":{"self":[{"href":"https:\/\/hoiamed.fi\/en\/wp-json\/wp\/v2\/product\/5153","targetHints":{"allow":["GET"]}}],"collection":[{"href":"https:\/\/hoiamed.fi\/en\/wp-json\/wp\/v2\/product"}],"about":[{"href":"https:\/\/hoiamed.fi\/en\/wp-json\/wp\/v2\/types\/product"}],"replies":[{"embeddable":true,"href":"https:\/\/hoiamed.fi\/en\/wp-json\/wp\/v2\/comments?post=5153"}],"version-history":[{"count":3,"href":"https:\/\/hoiamed.fi\/en\/wp-json\/wp\/v2\/product\/5153\/revisions"}],"predecessor-version":[{"id":11657,"href":"https:\/\/hoiamed.fi\/en\/wp-json\/wp\/v2\/product\/5153\/revisions\/11657"}],"wp:featuredmedia":[{"embeddable":true,"href":"https:\/\/hoiamed.fi\/en\/wp-json\/wp\/v2\/media\/11247"}],"wp:attachment":[{"href":"https:\/\/hoiamed.fi\/en\/wp-json\/wp\/v2\/media?parent=5153"}],"wp:term":[{"taxonomy":"product_brand","embeddable":true,"href":"https:\/\/hoiamed.fi\/en\/wp-json\/wp\/v2\/product_brand?post=5153"},{"taxonomy":"product_cat","embeddable":true,"href":"https:\/\/hoiamed.fi\/en\/wp-json\/wp\/v2\/product_cat?post=5153"},{"taxonomy":"product_tag","embeddable":true,"href":"https:\/\/hoiamed.fi\/en\/wp-json\/wp\/v2\/product_tag?post=5153"}],"curies":[{"name":"wp","href":"https:\/\/api.w.org\/{rel}","templated":true}]}}