{"id":11780,"date":"2026-02-14T17:35:08","date_gmt":"2026-02-14T15:35:08","guid":{"rendered":"https:\/\/hoiamed.fi\/?post_type=product&#038;p=11780"},"modified":"2026-02-14T18:02:11","modified_gmt":"2026-02-14T16:02:11","slug":"2-month-supply-dermoxen-pelviplus-food-supplement-for-urinary-incontinence","status":"publish","type":"product","link":"https:\/\/hoiamed.fi\/en\/product\/2-month-supply-dermoxen-pelviplus-food-supplement-for-urinary-incontinence\/","title":{"rendered":"2-month supply: Dermoxen Pelviplus food supplement for urinary incontinence"},"content":{"rendered":"<p data-start=\"792\" data-end=\"1062\"><span style=\"font-size: 14px;\"><em>Dermoxen Pelviplus on spetsiaalselt naistele loodud toidulisand, mis toetab vaagnap\u00f5hja ja p\u00f5ie heaolu igap\u00e4evaselt.<\/em><\/span><\/p>\n<p><span style=\"font-size: 14px;\"><em><strong>Dirext action on muscles \u2013 Urocollagen Complex<\/strong><\/em><\/span><\/p>\n<ol>\n<li><span style=\"font-size: 14px;\"><em><strong>COLLAGEN \u2013 <\/strong>After the menopause, thinning of the endopelvic fascia can occur, leading to the development of\u00a0pelvic floor weakness. The administration of a collagen supplement supports the strength of the pelvic\u00a0floor by counteracting thinning due to a lack of collagen.<\/em><\/span><\/li>\n<li><span style=\"font-size: 14px;\"><em><strong>MAGNESIUM<\/strong>\u2013 plays a crucial role in muscle relaxation and nerve function, which can help alleviate tension and spasms in the pelvic floor muscles5.<\/em><\/span><\/li>\n<li><span style=\"font-size: 14px;\"><em><strong>VITAMIN D <\/strong>\u2013 is important to enhance muscle function and strength6,7.<\/em><\/span><\/li>\n<\/ol>\n<p><span style=\"font-size: 14px;\"><em><strong>CREATINE<\/strong> \u2013\u00a0is a naturally occurring compound found in the body, primarily in muscle cells. It enhances energy metabolism by increasing ATP availability, which is crucial for muscle contractions.<\/em><\/span><\/p>\n<p><span style=\"font-size: 14px;\"><em><strong>Action on urinary tract functionality<\/strong><\/em><\/span><\/p>\n<p><span style=\"font-size: 14px;\"><em><strong>HORSETAIL EXTRACT<\/strong>\u2013 (Equisetum arvense) titrated at 2% in silica, it supports connective tissue and also contributes\u00a0to the functionality of the urinary tract by increasing urinary volume and helping to flush\u00a0bacteria out of the urinary tract.<\/em><\/span><\/p>\n<p><span style=\"font-size: 14px;\"><em><strong>CRANBERRY EXTRACT \u2013 <\/strong>titrated at 10% in Proanthocyanidins (PACs). Research shows that PACs, particularly A-type\u00a0PACs, of Proanthocyanidins which cranberries are a rich source, support urinary tract health.<\/em><\/span><\/p>\n<p><span style=\"font-size: 14px;\"><em><strong>Action against menopause symptoms<\/strong><\/em><\/span><\/p>\n<p><span style=\"font-size: 14px;\"><em>CIMICIFUGA EXTRACT \u2013\u00a0titrated at 2.5% in saponines, it contains active ingredients that are useful in reducing the symptoms typical of the menopause like sleep disorders, night sweats and hot flashes.<\/em><\/span><\/p>\n","protected":false},"excerpt":{"rendered":"<p data-start=\"46\" data-end=\"214\"><span style=\"font-size: 14px; color: #800080;\"><strong>Dermoxen PelviPlus 2-month supply<\/strong><\/span><\/p>\n<p data-start=\"46\" data-end=\"214\"><span style=\"font-size: 14px;\"><strong data-start=\"46\" data-end=\"214\">Dermoxen Pelviplus is designed for women who feel that their body needs a little extra support for recovery, to feel free, confident, and to engage in the things they truly love.<\/strong><\/span><\/p>\n<p data-start=\"216\" data-end=\"345\"><span style=\"font-size: 14px;\">The first clinically proven supplement, Dermoxen Pelviplus is created to support every woman, regardless of age, who experiences:<\/span><\/p>\n<p data-start=\"347\" data-end=\"444\"><span style=\"font-size: 14px;\">\u2714\ufe0f Urinary incontinence when laughing, coughing, or exercising (stress and\/or urge incontinence);<\/span><\/p>\n<p data-start=\"446\" data-end=\"478\"><span style=\"font-size: 14px;\">\u2714\ufe0f Pelvic floor muscle weakness;<\/span><\/p>\n<p data-start=\"480\" data-end=\"553\"><span style=\"font-size: 14px;\">\u2714\ufe0f Decreased estrogen levels and collagen reduction in connective tissue;<\/span><\/p>\n<p data-start=\"555\" data-end=\"591\"><span style=\"font-size: 14px;\">\u2714\ufe0f Reduced muscle tone and function;<\/span><\/p>\n<p data-start=\"593\" data-end=\"650\"><span style=\"font-size: 14px;\">\u2714\ufe0f Decreased muscle control due to a sedentary lifestyle.<\/span><\/p>\n<p data-start=\"652\" data-end=\"820\"><span style=\"font-size: 14px;\">The unique Urocollagen\u2122 complex, combined with natural extracts, helps support muscle tone and normal urinary tract function, restoring internal balance and confidence.<\/span><\/p>\n<p data-start=\"822\" data-end=\"984\"><span style=\"font-size: 14px;\">\u2714\ufe0f <strong>Clinical proven efficacy\u2013<\/strong> Dermoxen Pelviplus, combined with Kegel exercises, reduces urinary incontinence symptoms by 64% and improves quality of life by 76%*. <\/span><\/p>\n<p data-start=\"822\" data-end=\"984\"><span style=\"font-size: 14px;\"><span style=\"font-size: 12px;\">* Efficacy of a Food Supplement Based on Collagen and Magnesium Combined with Pelvic Floor Muscle Training Exercises in Women with Urinary Incontinence: A Double-Blind, Randomized, Pilot Clinical Trial; Published: 2 April 2025<\/span><\/span><\/p>\n<p data-start=\"822\" data-end=\"984\"><span style=\"font-size: 14px;\"><strong>P.S. Do Kegel Excercises and take PelviPlus for at least 2 months to see the results.Kegel Excercises + Dermoxen PelviPlus= better results.<\/strong><\/span><\/p>\n<p data-start=\"1113\" data-end=\"1219\" data-is-last-node=\"\" data-is-only-node=\"\"><span style=\"font-size: 14px;\">Package: 2x 30 pcs x 2,5 gr (2 boxes). Gluten- and lactose-free. Fresh lemon flavor. Developed and manufactured in Italy.<\/span><\/p>\n","protected":false},"featured_media":11781,"comment_status":"closed","ping_status":"closed","template":"","meta":[],"product_brand":[],"product_cat":[269],"product_tag":[],"class_list":{"0":"post-11780","1":"product","2":"type-product","3":"status-publish","4":"has-post-thumbnail","6":"product_cat-supplements","8":"first","9":"instock","10":"sale","11":"taxable","12":"shipping-taxable","13":"purchasable","14":"product-type-woosb"},"yoast_head":"<!-- This site is optimized with the Yoast SEO plugin v26.7 - https:\/\/yoast.com\/wordpress\/plugins\/seo\/ -->\n<title>2-month supply: Dermoxen Pelviplus food supplement for urinary incontinence - Hoiamed Suomi<\/title>\n<meta name=\"description\" content=\"Dermoxen PelviPlus is a clinically studied supplement for women supporting pelvic floor strength, urinary control, and bladder health ( 2-months set)\" \/>\n<meta name=\"robots\" content=\"index, follow, max-snippet:-1, max-image-preview:large, max-video-preview:-1\" \/>\n<link rel=\"canonical\" href=\"https:\/\/hoiamed.fi\/en\/product\/2-month-supply-dermoxen-pelviplus-food-supplement-for-urinary-incontinence\/\" \/>\n<meta property=\"og:locale\" content=\"en_US\" \/>\n<meta property=\"og:type\" content=\"article\" \/>\n<meta property=\"og:title\" content=\"2-month supply: Dermoxen Pelviplus food supplement for urinary incontinence - Hoiamed Suomi\" \/>\n<meta property=\"og:description\" content=\"Dermoxen PelviPlus is a clinically studied supplement for women supporting pelvic floor strength, urinary control, and bladder health ( 2-months set)\" \/>\n<meta property=\"og:url\" content=\"https:\/\/hoiamed.fi\/en\/product\/2-month-supply-dermoxen-pelviplus-food-supplement-for-urinary-incontinence\/\" \/>\n<meta property=\"og:site_name\" content=\"Hoiamed Suomi\" \/>\n<meta property=\"article:publisher\" content=\"https:\/\/www.facebook.com\/Hoiamed\" \/>\n<meta property=\"article:modified_time\" content=\"2026-02-14T16:02:11+00:00\" \/>\n<meta property=\"og:image\" content=\"https:\/\/hoiamed.fi\/wp-content\/uploads\/2026\/02\/Dermoxen-PelviPlus-2-month-set.png\" \/>\n\t<meta property=\"og:image:width\" content=\"499\" \/>\n\t<meta property=\"og:image:height\" content=\"497\" \/>\n\t<meta property=\"og:image:type\" content=\"image\/png\" \/>\n<meta name=\"twitter:card\" content=\"summary_large_image\" \/>\n<meta name=\"twitter:label1\" content=\"Est. reading time\" \/>\n\t<meta name=\"twitter:data1\" content=\"2 minutes\" \/>\n<script type=\"application\/ld+json\" class=\"yoast-schema-graph\">{\"@context\":\"https:\/\/schema.org\",\"@graph\":[{\"@type\":\"WebPage\",\"@id\":\"https:\/\/hoiamed.fi\/en\/product\/2-month-supply-dermoxen-pelviplus-food-supplement-for-urinary-incontinence\/\",\"url\":\"https:\/\/hoiamed.fi\/en\/product\/2-month-supply-dermoxen-pelviplus-food-supplement-for-urinary-incontinence\/\",\"name\":\"2-month supply: Dermoxen Pelviplus food supplement for urinary incontinence - Hoiamed Suomi\",\"isPartOf\":{\"@id\":\"https:\/\/hoiamed.fi\/#website\"},\"primaryImageOfPage\":{\"@id\":\"https:\/\/hoiamed.fi\/en\/product\/2-month-supply-dermoxen-pelviplus-food-supplement-for-urinary-incontinence\/#primaryimage\"},\"image\":{\"@id\":\"https:\/\/hoiamed.fi\/en\/product\/2-month-supply-dermoxen-pelviplus-food-supplement-for-urinary-incontinence\/#primaryimage\"},\"thumbnailUrl\":\"https:\/\/hoiamed.fi\/wp-content\/uploads\/2026\/02\/Dermoxen-PelviPlus-2-month-set.png\",\"datePublished\":\"2026-02-14T15:35:08+00:00\",\"dateModified\":\"2026-02-14T16:02:11+00:00\",\"description\":\"Dermoxen PelviPlus is a clinically studied supplement for women supporting pelvic floor strength, urinary control, and bladder health ( 2-months set)\",\"breadcrumb\":{\"@id\":\"https:\/\/hoiamed.fi\/en\/product\/2-month-supply-dermoxen-pelviplus-food-supplement-for-urinary-incontinence\/#breadcrumb\"},\"inLanguage\":\"en-US\",\"potentialAction\":[{\"@type\":\"ReadAction\",\"target\":[\"https:\/\/hoiamed.fi\/en\/product\/2-month-supply-dermoxen-pelviplus-food-supplement-for-urinary-incontinence\/\"]}]},{\"@type\":\"ImageObject\",\"inLanguage\":\"en-US\",\"@id\":\"https:\/\/hoiamed.fi\/en\/product\/2-month-supply-dermoxen-pelviplus-food-supplement-for-urinary-incontinence\/#primaryimage\",\"url\":\"https:\/\/hoiamed.fi\/wp-content\/uploads\/2026\/02\/Dermoxen-PelviPlus-2-month-set.png\",\"contentUrl\":\"https:\/\/hoiamed.fi\/wp-content\/uploads\/2026\/02\/Dermoxen-PelviPlus-2-month-set.png\",\"width\":499,\"height\":497,\"caption\":\"Dermoxen PelviPlus -ravintolis\u00e4 virtsankarkailuun\"},{\"@type\":\"BreadcrumbList\",\"@id\":\"https:\/\/hoiamed.fi\/en\/product\/2-month-supply-dermoxen-pelviplus-food-supplement-for-urinary-incontinence\/#breadcrumb\",\"itemListElement\":[{\"@type\":\"ListItem\",\"position\":1,\"name\":\"Home\",\"item\":\"https:\/\/hoiamed.fi\/en\/\"},{\"@type\":\"ListItem\",\"position\":2,\"name\":\"Shop\",\"item\":\"https:\/\/hoiamed.fi\/en\/shop\/\"},{\"@type\":\"ListItem\",\"position\":3,\"name\":\"2-month supply: Dermoxen Pelviplus food supplement for urinary incontinence\"}]},{\"@type\":\"WebSite\",\"@id\":\"https:\/\/hoiamed.fi\/#website\",\"url\":\"https:\/\/hoiamed.fi\/\",\"name\":\"Hoiamed\",\"description\":\"\",\"publisher\":{\"@id\":\"https:\/\/hoiamed.fi\/#organization\"},\"potentialAction\":[{\"@type\":\"SearchAction\",\"target\":{\"@type\":\"EntryPoint\",\"urlTemplate\":\"https:\/\/hoiamed.fi\/?s={search_term_string}\"},\"query-input\":{\"@type\":\"PropertyValueSpecification\",\"valueRequired\":true,\"valueName\":\"search_term_string\"}}],\"inLanguage\":\"en-US\"},{\"@type\":\"Organization\",\"@id\":\"https:\/\/hoiamed.fi\/#organization\",\"name\":\"Hoiamed\",\"url\":\"https:\/\/hoiamed.fi\/\",\"logo\":{\"@type\":\"ImageObject\",\"inLanguage\":\"en-US\",\"@id\":\"https:\/\/hoiamed.fi\/#\/schema\/logo\/image\/\",\"url\":\"https:\/\/hoiamed.fi\/wp-content\/uploads\/2021\/04\/Hoiamed.png\",\"contentUrl\":\"https:\/\/hoiamed.fi\/wp-content\/uploads\/2021\/04\/Hoiamed.png\",\"width\":300,\"height\":193,\"caption\":\"Hoiamed\"},\"image\":{\"@id\":\"https:\/\/hoiamed.fi\/#\/schema\/logo\/image\/\"},\"sameAs\":[\"https:\/\/www.facebook.com\/Hoiamed\",\"https:\/\/www.instagram.com\/hoiamed.ee\"]}]}<\/script>\n<!-- \/ Yoast SEO plugin. -->","yoast_head_json":{"title":"2-month supply: Dermoxen Pelviplus food supplement for urinary incontinence - Hoiamed Suomi","description":"Dermoxen PelviPlus is a clinically studied supplement for women supporting pelvic floor strength, urinary control, and bladder health ( 2-months set)","robots":{"index":"index","follow":"follow","max-snippet":"max-snippet:-1","max-image-preview":"max-image-preview:large","max-video-preview":"max-video-preview:-1"},"canonical":"https:\/\/hoiamed.fi\/en\/product\/2-month-supply-dermoxen-pelviplus-food-supplement-for-urinary-incontinence\/","og_locale":"en_US","og_type":"article","og_title":"2-month supply: Dermoxen Pelviplus food supplement for urinary incontinence - Hoiamed Suomi","og_description":"Dermoxen PelviPlus is a clinically studied supplement for women supporting pelvic floor strength, urinary control, and bladder health ( 2-months set)","og_url":"https:\/\/hoiamed.fi\/en\/product\/2-month-supply-dermoxen-pelviplus-food-supplement-for-urinary-incontinence\/","og_site_name":"Hoiamed Suomi","article_publisher":"https:\/\/www.facebook.com\/Hoiamed","article_modified_time":"2026-02-14T16:02:11+00:00","og_image":[{"width":499,"height":497,"url":"https:\/\/hoiamed.fi\/wp-content\/uploads\/2026\/02\/Dermoxen-PelviPlus-2-month-set.png","type":"image\/png"}],"twitter_card":"summary_large_image","twitter_misc":{"Est. reading time":"2 minutes"},"schema":{"@context":"https:\/\/schema.org","@graph":[{"@type":"WebPage","@id":"https:\/\/hoiamed.fi\/en\/product\/2-month-supply-dermoxen-pelviplus-food-supplement-for-urinary-incontinence\/","url":"https:\/\/hoiamed.fi\/en\/product\/2-month-supply-dermoxen-pelviplus-food-supplement-for-urinary-incontinence\/","name":"2-month supply: Dermoxen Pelviplus food supplement for urinary incontinence - Hoiamed Suomi","isPartOf":{"@id":"https:\/\/hoiamed.fi\/#website"},"primaryImageOfPage":{"@id":"https:\/\/hoiamed.fi\/en\/product\/2-month-supply-dermoxen-pelviplus-food-supplement-for-urinary-incontinence\/#primaryimage"},"image":{"@id":"https:\/\/hoiamed.fi\/en\/product\/2-month-supply-dermoxen-pelviplus-food-supplement-for-urinary-incontinence\/#primaryimage"},"thumbnailUrl":"https:\/\/hoiamed.fi\/wp-content\/uploads\/2026\/02\/Dermoxen-PelviPlus-2-month-set.png","datePublished":"2026-02-14T15:35:08+00:00","dateModified":"2026-02-14T16:02:11+00:00","description":"Dermoxen PelviPlus is a clinically studied supplement for women supporting pelvic floor strength, urinary control, and bladder health ( 2-months set)","breadcrumb":{"@id":"https:\/\/hoiamed.fi\/en\/product\/2-month-supply-dermoxen-pelviplus-food-supplement-for-urinary-incontinence\/#breadcrumb"},"inLanguage":"en-US","potentialAction":[{"@type":"ReadAction","target":["https:\/\/hoiamed.fi\/en\/product\/2-month-supply-dermoxen-pelviplus-food-supplement-for-urinary-incontinence\/"]}]},{"@type":"ImageObject","inLanguage":"en-US","@id":"https:\/\/hoiamed.fi\/en\/product\/2-month-supply-dermoxen-pelviplus-food-supplement-for-urinary-incontinence\/#primaryimage","url":"https:\/\/hoiamed.fi\/wp-content\/uploads\/2026\/02\/Dermoxen-PelviPlus-2-month-set.png","contentUrl":"https:\/\/hoiamed.fi\/wp-content\/uploads\/2026\/02\/Dermoxen-PelviPlus-2-month-set.png","width":499,"height":497,"caption":"Dermoxen PelviPlus -ravintolis\u00e4 virtsankarkailuun"},{"@type":"BreadcrumbList","@id":"https:\/\/hoiamed.fi\/en\/product\/2-month-supply-dermoxen-pelviplus-food-supplement-for-urinary-incontinence\/#breadcrumb","itemListElement":[{"@type":"ListItem","position":1,"name":"Home","item":"https:\/\/hoiamed.fi\/en\/"},{"@type":"ListItem","position":2,"name":"Shop","item":"https:\/\/hoiamed.fi\/en\/shop\/"},{"@type":"ListItem","position":3,"name":"2-month supply: Dermoxen Pelviplus food supplement for urinary incontinence"}]},{"@type":"WebSite","@id":"https:\/\/hoiamed.fi\/#website","url":"https:\/\/hoiamed.fi\/","name":"Hoiamed","description":"","publisher":{"@id":"https:\/\/hoiamed.fi\/#organization"},"potentialAction":[{"@type":"SearchAction","target":{"@type":"EntryPoint","urlTemplate":"https:\/\/hoiamed.fi\/?s={search_term_string}"},"query-input":{"@type":"PropertyValueSpecification","valueRequired":true,"valueName":"search_term_string"}}],"inLanguage":"en-US"},{"@type":"Organization","@id":"https:\/\/hoiamed.fi\/#organization","name":"Hoiamed","url":"https:\/\/hoiamed.fi\/","logo":{"@type":"ImageObject","inLanguage":"en-US","@id":"https:\/\/hoiamed.fi\/#\/schema\/logo\/image\/","url":"https:\/\/hoiamed.fi\/wp-content\/uploads\/2021\/04\/Hoiamed.png","contentUrl":"https:\/\/hoiamed.fi\/wp-content\/uploads\/2021\/04\/Hoiamed.png","width":300,"height":193,"caption":"Hoiamed"},"image":{"@id":"https:\/\/hoiamed.fi\/#\/schema\/logo\/image\/"},"sameAs":["https:\/\/www.facebook.com\/Hoiamed","https:\/\/www.instagram.com\/hoiamed.ee"]}]}},"_links":{"self":[{"href":"https:\/\/hoiamed.fi\/en\/wp-json\/wp\/v2\/product\/11780","targetHints":{"allow":["GET"]}}],"collection":[{"href":"https:\/\/hoiamed.fi\/en\/wp-json\/wp\/v2\/product"}],"about":[{"href":"https:\/\/hoiamed.fi\/en\/wp-json\/wp\/v2\/types\/product"}],"replies":[{"embeddable":true,"href":"https:\/\/hoiamed.fi\/en\/wp-json\/wp\/v2\/comments?post=11780"}],"version-history":[{"count":1,"href":"https:\/\/hoiamed.fi\/en\/wp-json\/wp\/v2\/product\/11780\/revisions"}],"predecessor-version":[{"id":11783,"href":"https:\/\/hoiamed.fi\/en\/wp-json\/wp\/v2\/product\/11780\/revisions\/11783"}],"wp:featuredmedia":[{"embeddable":true,"href":"https:\/\/hoiamed.fi\/en\/wp-json\/wp\/v2\/media\/11781"}],"wp:attachment":[{"href":"https:\/\/hoiamed.fi\/en\/wp-json\/wp\/v2\/media?parent=11780"}],"wp:term":[{"taxonomy":"product_brand","embeddable":true,"href":"https:\/\/hoiamed.fi\/en\/wp-json\/wp\/v2\/product_brand?post=11780"},{"taxonomy":"product_cat","embeddable":true,"href":"https:\/\/hoiamed.fi\/en\/wp-json\/wp\/v2\/product_cat?post=11780"},{"taxonomy":"product_tag","embeddable":true,"href":"https:\/\/hoiamed.fi\/en\/wp-json\/wp\/v2\/product_tag?post=11780"}],"curies":[{"name":"wp","href":"https:\/\/api.w.org\/{rel}","templated":true}]}}