{"id":11394,"date":"2025-02-17T18:10:41","date_gmt":"2025-02-17T16:10:41","guid":{"rendered":"https:\/\/hoiamed.fi\/?post_type=product&#038;p=11394"},"modified":"2026-01-09T22:24:46","modified_gmt":"2026-01-09T20:24:46","slug":"1-month-treatment-for-menopausal-women-with-dermoxen-hydra-ovules","status":"publish","type":"product","link":"https:\/\/hoiamed.fi\/en\/product\/1-month-treatment-for-menopausal-women-with-dermoxen-hydra-ovules\/","title":{"rendered":"1-Month treatment for menopausal women with Dermoxen Hydra ovules"},"content":{"rendered":"<p><span style=\"font-size: 13px;\"><strong data-start=\"0\" data-end=\"34\">Why use Dermoxen HYDRA ovules?<\/strong><\/span><\/p>\n<ul data-start=\"38\" data-end=\"345\">\n<li data-start=\"38\" data-end=\"200\"><span style=\"font-size: 13px;\">Treatment of vaginal dryness during pre-menopause and menopause, pregnancy and breastfeeding, or dryness caused by chemotherapy or ionizing radiation therapy.<\/span><\/li>\n<li data-start=\"201\" data-end=\"266\"><span style=\"font-size: 13px;\">Relief from vaginal dryness due to diabetes or severe stress.<\/span><\/li>\n<li data-start=\"267\" data-end=\"345\"><span style=\"font-size: 13px;\">Dryness caused by unsuitable cleansing products, panty liners, or tampons.<\/span><\/li>\n<\/ul>\n<h3 data-start=\"347\" data-end=\"369\"><span style=\"font-size: 13px;\"><strong data-start=\"351\" data-end=\"367\">Ingredients:<\/strong>\u00a0Contains hyaluronic acid (sodium salt), vitamin E, vitamin A, lipophilic aloe vera extract, and semi-synthetic glycerides.<\/span><\/h3>\n<h3 data-start=\"496\" data-end=\"531\"><span style=\"font-size: 13px;\"><strong data-start=\"500\" data-end=\"529\">Warnings and Precautions:\u00a0<\/strong><\/span><strong><span style=\"font-size: 13px;\">Do not use if allergic to any of the ingredients.<\/span><\/strong><\/h3>\n","protected":false},"excerpt":{"rendered":"<p data-start=\"356\" data-end=\"588\"><span style=\"font-size: 13px;\">Clinical studies confirm the effectiveness of topical treatment with Hydra ovules. The study was conducted among postmenopausal women experiencing genital prolapse and vaginal dryness, with significantly low vaginal health scores.<\/span><\/p>\n<p data-start=\"590\" data-end=\"860\"><span style=\"font-size: 13px;\">Before using the ovules, participants\u2019 vaginal health was assessed, with most indicators scoring at level 1 (poor) or 2 (weak) on a 5-point scale. During the study, participants applied one Hydra ovule daily in the evening for one month, allowing it to work overnight.<\/span><\/p>\n<p data-start=\"862\" data-end=\"1181\"><span style=\"font-size: 13px;\">After completing the 1-month treatment, <strong>all vaginal health indicators \u2013 elasticity, secretion volume, pH balance, moisture level, and epithelial integrity \u2013 improved to level 4 (good) or 5 (excellent).<\/strong> This demonstrates that regular use of Hydra ovules for one month helps restore vaginal health and moisture balance.<\/span><\/p>\n<p data-start=\"1183\" data-end=\"1206\"><span style=\"font-size: 13px;\"><strong data-start=\"1187\" data-end=\"1204\">Set Includes:\u00a0<\/strong><\/span><span style=\"font-size: 13px;\">4 boxes of Hydra vaginal ovules (28 x 2 g).<\/span><\/p>\n<p><span style=\"font-size: 13px;\">Developed and manufactured in Italy<\/span><\/p>\n<p data-start=\"1295\" data-end=\"1438\" data-is-last-node=\"\"><span style=\"font-size: 13px;\"><strong data-start=\"1295\" data-end=\"1303\">P.S.<\/strong> For optimal results, use <a href=\"https:\/\/hoiamed.fi\/en\/product\/new-ultimate-hydration-dermoxen-anti-aging-intimate-serum-30-ml\/\"><strong data-start=\"1329\" data-end=\"1367\">Dermoxen Anti-Aging intimate serum<\/strong><\/a> on the external intimate area for deep hydration alongside the ovules.<\/span><\/p>\n","protected":false},"featured_media":10111,"comment_status":"closed","ping_status":"closed","template":"","meta":[],"product_brand":[],"product_cat":[255,253],"product_tag":[],"class_list":{"0":"post-11394","1":"product","2":"type-product","3":"status-publish","4":"has-post-thumbnail","6":"product_cat-special-offers","7":"product_cat-vaginal-dryness","9":"first","10":"instock","11":"sale","12":"taxable","13":"shipping-taxable","14":"purchasable","15":"product-type-woosb"},"yoast_head":"<!-- This site is optimized with the Yoast SEO plugin v26.7 - https:\/\/yoast.com\/wordpress\/plugins\/seo\/ -->\n<title>1-Month treatment for menopausal women with Dermoxen Hydra ovules - Hoiamed Suomi<\/title>\n<meta name=\"description\" content=\"Dermoxen Hydra vaginal ovules are clinically studied to support vaginal moisture and overall vaginal health. A 1-month topical treatment helps improve comfort and balance.\" \/>\n<meta name=\"robots\" content=\"index, follow, max-snippet:-1, max-image-preview:large, max-video-preview:-1\" \/>\n<link rel=\"canonical\" href=\"https:\/\/hoiamed.fi\/en\/product\/1-month-treatment-for-menopausal-women-with-dermoxen-hydra-ovules\/\" \/>\n<meta property=\"og:locale\" content=\"en_US\" \/>\n<meta property=\"og:type\" content=\"article\" \/>\n<meta property=\"og:title\" content=\"1-Month treatment for menopausal women with Dermoxen Hydra ovules - Hoiamed Suomi\" \/>\n<meta property=\"og:description\" content=\"Dermoxen Hydra vaginal ovules are clinically studied to support vaginal moisture and overall vaginal health. A 1-month topical treatment helps improve comfort and balance.\" \/>\n<meta property=\"og:url\" content=\"https:\/\/hoiamed.fi\/en\/product\/1-month-treatment-for-menopausal-women-with-dermoxen-hydra-ovules\/\" \/>\n<meta property=\"og:site_name\" content=\"Hoiamed Suomi\" \/>\n<meta property=\"article:publisher\" content=\"https:\/\/www.facebook.com\/Hoiamed\" \/>\n<meta property=\"article:modified_time\" content=\"2026-01-09T20:24:46+00:00\" \/>\n<meta property=\"og:image\" content=\"https:\/\/hoiamed.fi\/wp-content\/uploads\/2024\/10\/Dermoxen-Hydra-vaginaalsed-oovulid-1-kuu.png\" \/>\n\t<meta property=\"og:image:width\" content=\"1294\" \/>\n\t<meta property=\"og:image:height\" content=\"1212\" \/>\n\t<meta property=\"og:image:type\" content=\"image\/png\" \/>\n<meta name=\"twitter:card\" content=\"summary_large_image\" \/>\n<meta name=\"twitter:label1\" content=\"Est. reading time\" \/>\n\t<meta name=\"twitter:data1\" content=\"1 minute\" \/>\n<script type=\"application\/ld+json\" class=\"yoast-schema-graph\">{\"@context\":\"https:\/\/schema.org\",\"@graph\":[{\"@type\":\"WebPage\",\"@id\":\"https:\/\/hoiamed.fi\/en\/product\/1-month-treatment-for-menopausal-women-with-dermoxen-hydra-ovules\/\",\"url\":\"https:\/\/hoiamed.fi\/en\/product\/1-month-treatment-for-menopausal-women-with-dermoxen-hydra-ovules\/\",\"name\":\"1-Month treatment for menopausal women with Dermoxen Hydra ovules - Hoiamed Suomi\",\"isPartOf\":{\"@id\":\"https:\/\/hoiamed.fi\/#website\"},\"primaryImageOfPage\":{\"@id\":\"https:\/\/hoiamed.fi\/en\/product\/1-month-treatment-for-menopausal-women-with-dermoxen-hydra-ovules\/#primaryimage\"},\"image\":{\"@id\":\"https:\/\/hoiamed.fi\/en\/product\/1-month-treatment-for-menopausal-women-with-dermoxen-hydra-ovules\/#primaryimage\"},\"thumbnailUrl\":\"https:\/\/hoiamed.fi\/wp-content\/uploads\/2024\/10\/Dermoxen-Hydra-vaginaalsed-oovulid-1-kuu.png\",\"datePublished\":\"2025-02-17T16:10:41+00:00\",\"dateModified\":\"2026-01-09T20:24:46+00:00\",\"description\":\"Dermoxen Hydra vaginal ovules are clinically studied to support vaginal moisture and overall vaginal health. A 1-month topical treatment helps improve comfort and balance.\",\"breadcrumb\":{\"@id\":\"https:\/\/hoiamed.fi\/en\/product\/1-month-treatment-for-menopausal-women-with-dermoxen-hydra-ovules\/#breadcrumb\"},\"inLanguage\":\"en-US\",\"potentialAction\":[{\"@type\":\"ReadAction\",\"target\":[\"https:\/\/hoiamed.fi\/en\/product\/1-month-treatment-for-menopausal-women-with-dermoxen-hydra-ovules\/\"]}]},{\"@type\":\"ImageObject\",\"inLanguage\":\"en-US\",\"@id\":\"https:\/\/hoiamed.fi\/en\/product\/1-month-treatment-for-menopausal-women-with-dermoxen-hydra-ovules\/#primaryimage\",\"url\":\"https:\/\/hoiamed.fi\/wp-content\/uploads\/2024\/10\/Dermoxen-Hydra-vaginaalsed-oovulid-1-kuu.png\",\"contentUrl\":\"https:\/\/hoiamed.fi\/wp-content\/uploads\/2024\/10\/Dermoxen-Hydra-vaginaalsed-oovulid-1-kuu.png\",\"width\":1294,\"height\":1212,\"caption\":\"Dermoxen Hydra - Em\u00e4ttimen kuivuuden ja atrofian aiheuttaman \u00e4rsytyksen, polttelun, kutinan ja kivun lievitt\u00e4miseen.\"},{\"@type\":\"BreadcrumbList\",\"@id\":\"https:\/\/hoiamed.fi\/en\/product\/1-month-treatment-for-menopausal-women-with-dermoxen-hydra-ovules\/#breadcrumb\",\"itemListElement\":[{\"@type\":\"ListItem\",\"position\":1,\"name\":\"Home\",\"item\":\"https:\/\/hoiamed.fi\/en\/\"},{\"@type\":\"ListItem\",\"position\":2,\"name\":\"Shop\",\"item\":\"https:\/\/hoiamed.fi\/en\/shop\/\"},{\"@type\":\"ListItem\",\"position\":3,\"name\":\"1-Month treatment for menopausal women with Dermoxen Hydra ovules\"}]},{\"@type\":\"WebSite\",\"@id\":\"https:\/\/hoiamed.fi\/#website\",\"url\":\"https:\/\/hoiamed.fi\/\",\"name\":\"Hoiamed\",\"description\":\"\",\"publisher\":{\"@id\":\"https:\/\/hoiamed.fi\/#organization\"},\"potentialAction\":[{\"@type\":\"SearchAction\",\"target\":{\"@type\":\"EntryPoint\",\"urlTemplate\":\"https:\/\/hoiamed.fi\/?s={search_term_string}\"},\"query-input\":{\"@type\":\"PropertyValueSpecification\",\"valueRequired\":true,\"valueName\":\"search_term_string\"}}],\"inLanguage\":\"en-US\"},{\"@type\":\"Organization\",\"@id\":\"https:\/\/hoiamed.fi\/#organization\",\"name\":\"Hoiamed\",\"url\":\"https:\/\/hoiamed.fi\/\",\"logo\":{\"@type\":\"ImageObject\",\"inLanguage\":\"en-US\",\"@id\":\"https:\/\/hoiamed.fi\/#\/schema\/logo\/image\/\",\"url\":\"https:\/\/hoiamed.fi\/wp-content\/uploads\/2021\/04\/Hoiamed.png\",\"contentUrl\":\"https:\/\/hoiamed.fi\/wp-content\/uploads\/2021\/04\/Hoiamed.png\",\"width\":300,\"height\":193,\"caption\":\"Hoiamed\"},\"image\":{\"@id\":\"https:\/\/hoiamed.fi\/#\/schema\/logo\/image\/\"},\"sameAs\":[\"https:\/\/www.facebook.com\/Hoiamed\",\"https:\/\/www.instagram.com\/hoiamed.ee\"]}]}<\/script>\n<!-- \/ Yoast SEO plugin. -->","yoast_head_json":{"title":"1-Month treatment for menopausal women with Dermoxen Hydra ovules - Hoiamed Suomi","description":"Dermoxen Hydra vaginal ovules are clinically studied to support vaginal moisture and overall vaginal health. A 1-month topical treatment helps improve comfort and balance.","robots":{"index":"index","follow":"follow","max-snippet":"max-snippet:-1","max-image-preview":"max-image-preview:large","max-video-preview":"max-video-preview:-1"},"canonical":"https:\/\/hoiamed.fi\/en\/product\/1-month-treatment-for-menopausal-women-with-dermoxen-hydra-ovules\/","og_locale":"en_US","og_type":"article","og_title":"1-Month treatment for menopausal women with Dermoxen Hydra ovules - Hoiamed Suomi","og_description":"Dermoxen Hydra vaginal ovules are clinically studied to support vaginal moisture and overall vaginal health. A 1-month topical treatment helps improve comfort and balance.","og_url":"https:\/\/hoiamed.fi\/en\/product\/1-month-treatment-for-menopausal-women-with-dermoxen-hydra-ovules\/","og_site_name":"Hoiamed Suomi","article_publisher":"https:\/\/www.facebook.com\/Hoiamed","article_modified_time":"2026-01-09T20:24:46+00:00","og_image":[{"width":1294,"height":1212,"url":"https:\/\/hoiamed.fi\/wp-content\/uploads\/2024\/10\/Dermoxen-Hydra-vaginaalsed-oovulid-1-kuu.png","type":"image\/png"}],"twitter_card":"summary_large_image","twitter_misc":{"Est. reading time":"1 minute"},"schema":{"@context":"https:\/\/schema.org","@graph":[{"@type":"WebPage","@id":"https:\/\/hoiamed.fi\/en\/product\/1-month-treatment-for-menopausal-women-with-dermoxen-hydra-ovules\/","url":"https:\/\/hoiamed.fi\/en\/product\/1-month-treatment-for-menopausal-women-with-dermoxen-hydra-ovules\/","name":"1-Month treatment for menopausal women with Dermoxen Hydra ovules - Hoiamed Suomi","isPartOf":{"@id":"https:\/\/hoiamed.fi\/#website"},"primaryImageOfPage":{"@id":"https:\/\/hoiamed.fi\/en\/product\/1-month-treatment-for-menopausal-women-with-dermoxen-hydra-ovules\/#primaryimage"},"image":{"@id":"https:\/\/hoiamed.fi\/en\/product\/1-month-treatment-for-menopausal-women-with-dermoxen-hydra-ovules\/#primaryimage"},"thumbnailUrl":"https:\/\/hoiamed.fi\/wp-content\/uploads\/2024\/10\/Dermoxen-Hydra-vaginaalsed-oovulid-1-kuu.png","datePublished":"2025-02-17T16:10:41+00:00","dateModified":"2026-01-09T20:24:46+00:00","description":"Dermoxen Hydra vaginal ovules are clinically studied to support vaginal moisture and overall vaginal health. A 1-month topical treatment helps improve comfort and balance.","breadcrumb":{"@id":"https:\/\/hoiamed.fi\/en\/product\/1-month-treatment-for-menopausal-women-with-dermoxen-hydra-ovules\/#breadcrumb"},"inLanguage":"en-US","potentialAction":[{"@type":"ReadAction","target":["https:\/\/hoiamed.fi\/en\/product\/1-month-treatment-for-menopausal-women-with-dermoxen-hydra-ovules\/"]}]},{"@type":"ImageObject","inLanguage":"en-US","@id":"https:\/\/hoiamed.fi\/en\/product\/1-month-treatment-for-menopausal-women-with-dermoxen-hydra-ovules\/#primaryimage","url":"https:\/\/hoiamed.fi\/wp-content\/uploads\/2024\/10\/Dermoxen-Hydra-vaginaalsed-oovulid-1-kuu.png","contentUrl":"https:\/\/hoiamed.fi\/wp-content\/uploads\/2024\/10\/Dermoxen-Hydra-vaginaalsed-oovulid-1-kuu.png","width":1294,"height":1212,"caption":"Dermoxen Hydra - Em\u00e4ttimen kuivuuden ja atrofian aiheuttaman \u00e4rsytyksen, polttelun, kutinan ja kivun lievitt\u00e4miseen."},{"@type":"BreadcrumbList","@id":"https:\/\/hoiamed.fi\/en\/product\/1-month-treatment-for-menopausal-women-with-dermoxen-hydra-ovules\/#breadcrumb","itemListElement":[{"@type":"ListItem","position":1,"name":"Home","item":"https:\/\/hoiamed.fi\/en\/"},{"@type":"ListItem","position":2,"name":"Shop","item":"https:\/\/hoiamed.fi\/en\/shop\/"},{"@type":"ListItem","position":3,"name":"1-Month treatment for menopausal women with Dermoxen Hydra ovules"}]},{"@type":"WebSite","@id":"https:\/\/hoiamed.fi\/#website","url":"https:\/\/hoiamed.fi\/","name":"Hoiamed","description":"","publisher":{"@id":"https:\/\/hoiamed.fi\/#organization"},"potentialAction":[{"@type":"SearchAction","target":{"@type":"EntryPoint","urlTemplate":"https:\/\/hoiamed.fi\/?s={search_term_string}"},"query-input":{"@type":"PropertyValueSpecification","valueRequired":true,"valueName":"search_term_string"}}],"inLanguage":"en-US"},{"@type":"Organization","@id":"https:\/\/hoiamed.fi\/#organization","name":"Hoiamed","url":"https:\/\/hoiamed.fi\/","logo":{"@type":"ImageObject","inLanguage":"en-US","@id":"https:\/\/hoiamed.fi\/#\/schema\/logo\/image\/","url":"https:\/\/hoiamed.fi\/wp-content\/uploads\/2021\/04\/Hoiamed.png","contentUrl":"https:\/\/hoiamed.fi\/wp-content\/uploads\/2021\/04\/Hoiamed.png","width":300,"height":193,"caption":"Hoiamed"},"image":{"@id":"https:\/\/hoiamed.fi\/#\/schema\/logo\/image\/"},"sameAs":["https:\/\/www.facebook.com\/Hoiamed","https:\/\/www.instagram.com\/hoiamed.ee"]}]}},"_links":{"self":[{"href":"https:\/\/hoiamed.fi\/en\/wp-json\/wp\/v2\/product\/11394","targetHints":{"allow":["GET"]}}],"collection":[{"href":"https:\/\/hoiamed.fi\/en\/wp-json\/wp\/v2\/product"}],"about":[{"href":"https:\/\/hoiamed.fi\/en\/wp-json\/wp\/v2\/types\/product"}],"replies":[{"embeddable":true,"href":"https:\/\/hoiamed.fi\/en\/wp-json\/wp\/v2\/comments?post=11394"}],"version-history":[{"count":2,"href":"https:\/\/hoiamed.fi\/en\/wp-json\/wp\/v2\/product\/11394\/revisions"}],"predecessor-version":[{"id":11396,"href":"https:\/\/hoiamed.fi\/en\/wp-json\/wp\/v2\/product\/11394\/revisions\/11396"}],"wp:featuredmedia":[{"embeddable":true,"href":"https:\/\/hoiamed.fi\/en\/wp-json\/wp\/v2\/media\/10111"}],"wp:attachment":[{"href":"https:\/\/hoiamed.fi\/en\/wp-json\/wp\/v2\/media?parent=11394"}],"wp:term":[{"taxonomy":"product_brand","embeddable":true,"href":"https:\/\/hoiamed.fi\/en\/wp-json\/wp\/v2\/product_brand?post=11394"},{"taxonomy":"product_cat","embeddable":true,"href":"https:\/\/hoiamed.fi\/en\/wp-json\/wp\/v2\/product_cat?post=11394"},{"taxonomy":"product_tag","embeddable":true,"href":"https:\/\/hoiamed.fi\/en\/wp-json\/wp\/v2\/product_tag?post=11394"}],"curies":[{"name":"wp","href":"https:\/\/api.w.org\/{rel}","templated":true}]}}